{"id":267,"date":"2020-03-10T12:42:51","date_gmt":"2020-03-10T12:42:51","guid":{"rendered":"http:\/\/xenopat.com\/advanced-preclinical-services\/"},"modified":"2020-04-02T09:42:09","modified_gmt":"2020-04-02T09:42:09","slug":"serveis-preclinics-avancats","status":"publish","type":"page","link":"http:\/\/xenopat.com\/ca\/serveis-preclinics-avancats\/","title":{"rendered":"Serveis Precl\u00ednics Avan\u00e7ats"},"content":{"rendered":"\t\t<div data-elementor-type=\"wp-page\" data-elementor-id=\"267\" class=\"elementor elementor-267 elementor-14\" data-elementor-post-type=\"page\">\n\t\t\t\t\t\t<section class=\"elementor-section elementor-top-section elementor-element elementor-element-7f65787 elementor-section-height-min-height elementor-section-boxed elementor-section-height-default elementor-section-items-middle\" data-id=\"7f65787\" data-element_type=\"section\" data-settings=\"{&quot;background_background&quot;:&quot;classic&quot;}\">\n\t\t\t\t\t\t\t<div class=\"elementor-background-overlay\"><\/div>\n\t\t\t\t\t\t\t<div class=\"elementor-container elementor-column-gap-default\">\n\t\t\t\t\t<div class=\"elementor-column elementor-col-100 elementor-top-column elementor-element elementor-element-d5c75fa\" data-id=\"d5c75fa\" data-element_type=\"column\">\n\t\t\t<div class=\"elementor-widget-wrap elementor-element-populated\">\n\t\t\t\t\t\t<div class=\"elementor-element elementor-element-133e669 elementor-widget elementor-widget-heading\" data-id=\"133e669\" data-element_type=\"widget\" data-widget_type=\"heading.default\">\n\t\t\t\t<div class=\"elementor-widget-container\">\n\t\t\t<h1 class=\"elementor-heading-title elementor-size-default\">Serveis Precl\u00ednics Avan\u00e7ats<\/h1>\t\t<\/div>\n\t\t\t\t<\/div>\n\t\t\t\t\t<\/div>\n\t\t<\/div>\n\t\t\t\t\t<\/div>\n\t\t<\/section>\n\t\t\t\t<section class=\"elementor-section elementor-top-section elementor-element elementor-element-b6b0dfa elementor-section-boxed elementor-section-height-default elementor-section-height-default\" data-id=\"b6b0dfa\" data-element_type=\"section\">\n\t\t\t\t\t\t<div class=\"elementor-container elementor-column-gap-default\">\n\t\t\t\t\t<div class=\"elementor-column elementor-col-66 elementor-top-column elementor-element elementor-element-4b698ac\" data-id=\"4b698ac\" data-element_type=\"column\">\n\t\t\t<div class=\"elementor-widget-wrap elementor-element-populated\">\n\t\t\t\t\t\t<div class=\"elementor-element elementor-element-35acdab elementor-widget elementor-widget-text-editor\" data-id=\"35acdab\" data-element_type=\"widget\" data-widget_type=\"text-editor.default\">\n\t\t\t\t<div class=\"elementor-widget-container\">\n\t\t\t\t\t\t\t<p>Els Serveis Precl\u00ednics Avan\u00e7ats de Xenopat ofereixen les eines m\u00e9s innovadores per al desenvolupament de nous f\u00e0rmacs oncol\u00f2gics. Xenopat ofereix als investigadors i a les companyies farmac\u00e8utiques l\u2019OrthoXenoBank\u00ae format per m\u00e9s de 200 orthoxenografts\u00ae, models ortot\u00f2pics de diferents tumors humans implantats en el mateix \u00f2rgan del ratol\u00ed, incloent: colon, pulm\u00f3, mama, ovari i p\u00e0ncrees. Els tumors estan histol\u00f2gica i gen\u00e8ticament caracteritzats i posseeixen diferents graus de resist\u00e8ncia a diverses quimioter\u00e0pies. Els Serveis Precl\u00ednics Avan\u00e7ats de Xenopat volen convertir-se en un soci estrat\u00e8gic al llarg de tot el proc\u00e9s de desenvolupament de nous f\u00e0rmacs. Xenopat vol ajudar a les companyies farmac\u00e8utiques des dels primers assajos precl\u00ednics fins a la comercialitzaci\u00f3. Aix\u00ed els Serveis Precl\u00ednics Avan\u00e7ats de Xenopat poden resultar decisius tant durant la precl\u00ednica com al llarg de les diverses fases dels assajos cl\u00ednics i fins i tot en etapes posteriors a la comercialitzaci\u00f3.<\/p>\t\t\t\t\t\t<\/div>\n\t\t\t\t<\/div>\n\t\t\t\t<div class=\"elementor-element elementor-element-1c8cec1 elementor-widget elementor-widget-image\" data-id=\"1c8cec1\" data-element_type=\"widget\" data-widget_type=\"image.default\">\n\t\t\t\t<div class=\"elementor-widget-container\">\n\t\t\t\t\t\t\t\t\t\t\t\t\t<img fetchpriority=\"high\" decoding=\"async\" width=\"800\" height=\"270\" src=\"http:\/\/xenopat.com\/wp-content\/uploads\/2020\/03\/Lineas_catala-1024x346.jpg\" class=\"attachment-large size-large wp-image-407\" alt=\"\" srcset=\"http:\/\/xenopat.com\/wp-content\/uploads\/2020\/03\/Lineas_catala-1024x346.jpg 1024w, http:\/\/xenopat.com\/wp-content\/uploads\/2020\/03\/Lineas_catala-300x101.jpg 300w, http:\/\/xenopat.com\/wp-content\/uploads\/2020\/03\/Lineas_catala-768x260.jpg 768w, http:\/\/xenopat.com\/wp-content\/uploads\/2020\/03\/Lineas_catala.jpg 1401w\" sizes=\"(max-width: 800px) 100vw, 800px\" \/>\t\t\t\t\t\t\t\t\t\t\t\t\t<\/div>\n\t\t\t\t<\/div>\n\t\t\t\t<section class=\"elementor-section elementor-inner-section elementor-element elementor-element-2eb1237 elementor-section-boxed elementor-section-height-default elementor-section-height-default\" data-id=\"2eb1237\" data-element_type=\"section\">\n\t\t\t\t\t\t<div class=\"elementor-container elementor-column-gap-default\">\n\t\t\t\t\t<div class=\"elementor-column elementor-col-33 elementor-inner-column elementor-element elementor-element-203bebd\" data-id=\"203bebd\" data-element_type=\"column\">\n\t\t\t<div class=\"elementor-widget-wrap elementor-element-populated\">\n\t\t\t\t\t\t<div class=\"elementor-element elementor-element-7f773c2 elementor-widget elementor-widget-text-editor\" data-id=\"7f773c2\" data-element_type=\"widget\" data-widget_type=\"text-editor.default\">\n\t\t\t\t<div class=\"elementor-widget-container\">\n\t\t\t\t\t\t\t<ul><li>Generaci\u00f3 de l\u00ednies cel\u00b7lulars personalitzades (GFP, shRNA,etc.)<\/li><li>Determinaci\u00f3 de la M\u00e0xima Dosi Tolerada (MTD). Pes. Aut\u00f2psia. An\u00e0lisi histol\u00f2gica de la toxicitat.<\/li><li>Estudi de les pautes d\u2019administraci\u00f3.<\/li><li>Identificaci\u00f3 de combinacions de f\u00e0rmacs \u00f2ptimes.<\/li><li>Evaluaci\u00f3 de resposta a tractaments usant els mateixos parametres histopatol\u00f2gics que en humans.<\/li><li>Evaluaci\u00f3 de l\u2019aparici\u00f3 de tumors, taxa de creixement i potencial metast\u00e0sic amb o sense tractament.<\/li><li>Expressi\u00f3 g\u00e8nica.<\/li><li>Estudis gen\u00e8tics i epigen\u00e8tics.<\/li><li>Identificaci\u00f3\/an\u00e0lisi de marcadores de respuesta.<\/li><li>Identificaci\u00f3 de dianes terap\u00e8utiques\/mecanisme d\u2019acci\u00f3 en diversos sistemes biol\u00f2gics.<\/li><li>Generaci\u00f3 d\u2019orthoxenografts\u00ae personalitzats.<\/li><\/ul>\t\t\t\t\t\t<\/div>\n\t\t\t\t<\/div>\n\t\t\t\t\t<\/div>\n\t\t<\/div>\n\t\t\t\t<div class=\"elementor-column elementor-col-33 elementor-inner-column elementor-element elementor-element-8803a6a\" data-id=\"8803a6a\" data-element_type=\"column\">\n\t\t\t<div class=\"elementor-widget-wrap elementor-element-populated\">\n\t\t\t\t\t\t<div class=\"elementor-element elementor-element-956a4ba elementor-widget elementor-widget-text-editor\" data-id=\"956a4ba\" data-element_type=\"widget\" data-widget_type=\"text-editor.default\">\n\t\t\t\t<div class=\"elementor-widget-container\">\n\t\t\t\t\t\t\t<ul><li>Caracteritzaci\u00f3 de la subpoblaci\u00f3 amb millor resposta.<\/li><li>Combinacions de f\u00e0rmacs.<\/li><li>Assajos co-cl\u00ednics en humans i ratolins.<\/li><li>Identificaci\u00f3\/an\u00e0lisi de marcadors de resposta en assajos co-cl\u00ednics.<\/li><\/ul>\t\t\t\t\t\t<\/div>\n\t\t\t\t<\/div>\n\t\t\t\t\t<\/div>\n\t\t<\/div>\n\t\t\t\t<div class=\"elementor-column elementor-col-33 elementor-inner-column elementor-element elementor-element-e784363\" data-id=\"e784363\" data-element_type=\"column\">\n\t\t\t<div class=\"elementor-widget-wrap elementor-element-populated\">\n\t\t\t\t\t\t<div class=\"elementor-element elementor-element-5b5d1f6 elementor-widget elementor-widget-text-editor\" data-id=\"5b5d1f6\" data-element_type=\"widget\" data-widget_type=\"text-editor.default\">\n\t\t\t\t<div class=\"elementor-widget-container\">\n\t\t\t\t\t\t\t<ul><li>Reposicionament de f\u00e0rmacs.<\/li><li>Estudis de resist\u00e8ncia adquirida a nous f\u00e0rmacs.<\/li><\/ul>\t\t\t\t\t\t<\/div>\n\t\t\t\t<\/div>\n\t\t\t\t\t<\/div>\n\t\t<\/div>\n\t\t\t\t\t<\/div>\n\t\t<\/section>\n\t\t\t\t<div class=\"elementor-element elementor-element-c97bcd7 elementor-widget elementor-widget-heading\" data-id=\"c97bcd7\" data-element_type=\"widget\" data-widget_type=\"heading.default\">\n\t\t\t\t<div class=\"elementor-widget-container\">\n\t\t\t<h2 class=\"elementor-heading-title elementor-size-default\">Descobreixi m\u00e9s<\/h2>\t\t<\/div>\n\t\t\t\t<\/div>\n\t\t\t\t<div class=\"elementor-element elementor-element-04a4a46 elementor-widget elementor-widget-heading\" data-id=\"04a4a46\" data-element_type=\"widget\" data-widget_type=\"heading.default\">\n\t\t\t\t<div class=\"elementor-widget-container\">\n\t\t\t<h3 class=\"elementor-heading-title elementor-size-medium\"><a href=\"http:\/\/xenopat.com\/tractament-oncologic-personalitzat\/orthoxenografts\/?lang=ca\">Orthoxenografts\u00ae<\/a><\/h3>\t\t<\/div>\n\t\t\t\t<\/div>\n\t\t\t\t<div class=\"elementor-element elementor-element-5b4ed12 elementor-widget elementor-widget-text-editor\" data-id=\"5b4ed12\" data-element_type=\"widget\" data-widget_type=\"text-editor.default\">\n\t\t\t\t<div class=\"elementor-widget-container\">\n\t\t\t\t\t\t\t<p>Els orthoxenografts\u00ae s\u00f3n models experimentals de ratol\u00ed en els quals s\u2019implanta un petit fragment de tumor hum\u00e0 (implantaci\u00f3 d\u2019una esp\u00e8cie a una altra, xenograft) en el mateix \u00f2rgan d\u2019origen (ortotopic).<\/p>\t\t\t\t\t\t<\/div>\n\t\t\t\t<\/div>\n\t\t\t\t<div class=\"elementor-element elementor-element-81035fb elementor-widget elementor-widget-heading\" data-id=\"81035fb\" data-element_type=\"widget\" data-widget_type=\"heading.default\">\n\t\t\t\t<div class=\"elementor-widget-container\">\n\t\t\t<h3 class=\"elementor-heading-title elementor-size-medium\"><a href=\"http:\/\/xenopat.com\/serveis-preclinics-avancats\/orthoxenobank\/?lang=ca\">OrthoXenoBank\u00ae<\/a><\/h3>\t\t<\/div>\n\t\t\t\t<\/div>\n\t\t\t\t<div class=\"elementor-element elementor-element-c646363 elementor-widget elementor-widget-text-editor\" data-id=\"c646363\" data-element_type=\"widget\" data-widget_type=\"text-editor.default\">\n\t\t\t\t<div class=\"elementor-widget-container\">\n\t\t\t\t\t\t\t<p>L\u2019OrthoXenoBank\u00ae \u00e9s la col\u00b7lecci\u00f3 d\u2019orthoxenografts\u00ae que Xenopat posa a disposici\u00f3 dels seus clients.<\/p>\t\t\t\t\t\t<\/div>\n\t\t\t\t<\/div>\n\t\t\t\t<div class=\"elementor-element elementor-element-aae419d elementor-widget elementor-widget-heading\" data-id=\"aae419d\" data-element_type=\"widget\" data-widget_type=\"heading.default\">\n\t\t\t\t<div class=\"elementor-widget-container\">\n\t\t\t<h3 class=\"elementor-heading-title elementor-size-medium\"><a href=\"http:\/\/xenopat.com\/serveis-preclinics-avancats\/bibliography\/?lang=ca\">Bibliography<\/a><\/h3>\t\t<\/div>\n\t\t\t\t<\/div>\n\t\t\t\t<div class=\"elementor-element elementor-element-108cfaf elementor-widget elementor-widget-text-editor\" data-id=\"108cfaf\" data-element_type=\"widget\" data-widget_type=\"text-editor.default\">\n\t\t\t\t<div class=\"elementor-widget-container\">\n\t\t\t\t\t\t\t<div id=\"content\"><div id=\"post-11846\" class=\"post-11846 page type-page status-publish hentry\"><div class=\"post-content\"><div class=\"fusion-fullwidth fullwidth-box\"><div class=\"avada-row\">Publicacions cient\u00edfiques destacades referents als orthoxenografts\u00ae.<\/div><\/div><\/div><\/div><\/div><div id=\"sidebar\" class=\"sidebar\"><div id=\"text_icl-10\" class=\"widget widget_text_icl\"><div class=\"heading\">\u00a0<\/div><\/div><\/div>\t\t\t\t\t\t<\/div>\n\t\t\t\t<\/div>\n\t\t\t\t\t<\/div>\n\t\t<\/div>\n\t\t\t\t<div class=\"elementor-column elementor-col-33 elementor-top-column elementor-element elementor-element-20bc09b\" data-id=\"20bc09b\" data-element_type=\"column\">\n\t\t\t<div class=\"elementor-widget-wrap elementor-element-populated\">\n\t\t\t\t\t\t<div class=\"elementor-element elementor-element-e9be046 elementor-widget elementor-widget-global elementor-global-711 elementor-widget-wp-widget-nav_menu\" data-id=\"e9be046\" data-element_type=\"widget\" data-widget_type=\"wp-widget-nav_menu.default\">\n\t\t\t\t<div class=\"elementor-widget-container\">\n\t\t\t<h5>Serveis Precl\u00ednics Avan\u00e7ats<\/h5><div class=\"menu-advanced-preclinical-services-catalan-container\"><ul id=\"menu-advanced-preclinical-services-catalan\" class=\"menu\"><li id=\"menu-item-280\" class=\"menu-item menu-item-type-post_type menu-item-object-page menu-item-280\"><a href=\"http:\/\/xenopat.com\/ca\/serveis-preclinics-avancats\/\">Introducci\u00f3<\/a><\/li>\n<li id=\"menu-item-321\" class=\"menu-item menu-item-type-post_type menu-item-object-page menu-item-321\"><a href=\"http:\/\/xenopat.com\/ca\/serveis-preclinics-avancats\/orthoxenografts\/\">Orthoxenografts\u00ae<\/a><\/li>\n<li id=\"menu-item-281\" class=\"menu-item menu-item-type-post_type menu-item-object-page menu-item-281\"><a href=\"http:\/\/xenopat.com\/ca\/serveis-preclinics-avancats\/orthoxenobank\/\">OrthoXenoBank\u00ae<\/a><\/li>\n<li id=\"menu-item-282\" class=\"menu-item menu-item-type-post_type menu-item-object-page menu-item-282\"><a href=\"http:\/\/xenopat.com\/ca\/serveis-preclinics-avancats\/bibliography\/\">Bibliografia<\/a><\/li>\n<\/ul><\/div>\t\t<\/div>\n\t\t\t\t<\/div>\n\t\t\t\t<div class=\"elementor-element elementor-element-65b3595 elementor-widget elementor-widget-global elementor-global-714 elementor-widget-text-editor\" data-id=\"65b3595\" data-element_type=\"widget\" data-widget_type=\"text-editor.default\">\n\t\t\t\t<div class=\"elementor-widget-container\">\n\t\t\t\t\t\t\t<h5>Contacte<\/h5><p><a href=\"http:\/\/xenopat.com\/?p=11860\" target=\"_blank\" rel=\"noopener\">Contacti<\/a>\u00a0avui amb l&#8217;equip de Xenopat per saber m\u00e9s sobre els Serveis Precl\u00ednics Avan\u00e7ats.<\/p>\t\t\t\t\t\t<\/div>\n\t\t\t\t<\/div>\n\t\t\t\t\t<\/div>\n\t\t<\/div>\n\t\t\t\t\t<\/div>\n\t\t<\/section>\n\t\t\t\t<\/div>\n\t\t","protected":false},"excerpt":{"rendered":"<p>Serveis Precl\u00ednics Avan\u00e7ats Els Serveis Precl\u00ednics Avan\u00e7ats de Xenopat ofereixen les eines m\u00e9s innovadores per al desenvolupament de nous f\u00e0rmacs oncol\u00f2gics. Xenopat ofereix als investigadors i a les companyies farmac\u00e8utiques l\u2019OrthoXenoBank\u00ae format per m\u00e9s de 200 orthoxenografts\u00ae, models ortot\u00f2pics de diferents tumors humans implantats en el mateix \u00f2rgan del ratol\u00ed, incloent: colon, pulm\u00f3, mama, ovari [&hellip;]<\/p>\n","protected":false},"author":1,"featured_media":20,"parent":0,"menu_order":0,"comment_status":"closed","ping_status":"closed","template":"","meta":{"footnotes":""},"class_list":["post-267","page","type-page","status-publish","has-post-thumbnail","hentry"],"yoast_head":"<!-- This site is optimized with the Yoast SEO plugin v23.1 - https:\/\/yoast.com\/wordpress\/plugins\/seo\/ -->\n<title>Serveis Precl\u00ednics Avan\u00e7ats - Xenopat<\/title>\n<meta name=\"robots\" content=\"index, follow, max-snippet:-1, max-image-preview:large, max-video-preview:-1\" \/>\n<link rel=\"canonical\" href=\"http:\/\/xenopat.com\/ca\/serveis-preclinics-avancats\/\" \/>\n<meta property=\"og:locale\" content=\"ca_ES\" \/>\n<meta property=\"og:type\" content=\"article\" \/>\n<meta property=\"og:title\" content=\"Serveis Precl\u00ednics Avan\u00e7ats - Xenopat\" \/>\n<meta property=\"og:description\" content=\"Serveis Precl\u00ednics Avan\u00e7ats Els Serveis Precl\u00ednics Avan\u00e7ats de Xenopat ofereixen les eines m\u00e9s innovadores per al desenvolupament de nous f\u00e0rmacs oncol\u00f2gics. Xenopat ofereix als investigadors i a les companyies farmac\u00e8utiques l\u2019OrthoXenoBank\u00ae format per m\u00e9s de 200 orthoxenografts\u00ae, models ortot\u00f2pics de diferents tumors humans implantats en el mateix \u00f2rgan del ratol\u00ed, incloent: colon, pulm\u00f3, mama, ovari [&hellip;]\" \/>\n<meta property=\"og:url\" content=\"http:\/\/xenopat.com\/ca\/serveis-preclinics-avancats\/\" \/>\n<meta property=\"og:site_name\" content=\"Xenopat\" \/>\n<meta property=\"article:modified_time\" content=\"2020-04-02T09:42:09+00:00\" \/>\n<meta property=\"og:image\" content=\"http:\/\/xenopat.com\/wp-content\/uploads\/2020\/03\/web111.jpg\" \/>\n\t<meta property=\"og:image:width\" content=\"2048\" \/>\n\t<meta property=\"og:image:height\" content=\"1536\" \/>\n\t<meta property=\"og:image:type\" content=\"image\/jpeg\" \/>\n<meta name=\"twitter:card\" content=\"summary_large_image\" \/>\n<meta name=\"twitter:label1\" content=\"Temps estimat de lectura\" \/>\n\t<meta name=\"twitter:data1\" content=\"2 minuts\" \/>\n<script type=\"application\/ld+json\" class=\"yoast-schema-graph\">{\"@context\":\"https:\/\/schema.org\",\"@graph\":[{\"@type\":\"WebPage\",\"@id\":\"http:\/\/xenopat.com\/ca\/serveis-preclinics-avancats\/\",\"url\":\"http:\/\/xenopat.com\/ca\/serveis-preclinics-avancats\/\",\"name\":\"Serveis Precl\u00ednics Avan\u00e7ats - Xenopat\",\"isPartOf\":{\"@id\":\"http:\/\/xenopat.com\/#website\"},\"primaryImageOfPage\":{\"@id\":\"http:\/\/xenopat.com\/ca\/serveis-preclinics-avancats\/#primaryimage\"},\"image\":{\"@id\":\"http:\/\/xenopat.com\/ca\/serveis-preclinics-avancats\/#primaryimage\"},\"thumbnailUrl\":\"http:\/\/xenopat.com\/wp-content\/uploads\/2020\/03\/web111.jpg\",\"datePublished\":\"2020-03-10T12:42:51+00:00\",\"dateModified\":\"2020-04-02T09:42:09+00:00\",\"breadcrumb\":{\"@id\":\"http:\/\/xenopat.com\/ca\/serveis-preclinics-avancats\/#breadcrumb\"},\"inLanguage\":\"ca\",\"potentialAction\":[{\"@type\":\"ReadAction\",\"target\":[\"http:\/\/xenopat.com\/ca\/serveis-preclinics-avancats\/\"]}]},{\"@type\":\"ImageObject\",\"inLanguage\":\"ca\",\"@id\":\"http:\/\/xenopat.com\/ca\/serveis-preclinics-avancats\/#primaryimage\",\"url\":\"http:\/\/xenopat.com\/wp-content\/uploads\/2020\/03\/web111.jpg\",\"contentUrl\":\"http:\/\/xenopat.com\/wp-content\/uploads\/2020\/03\/web111.jpg\",\"width\":2048,\"height\":1536,\"caption\":\"dvanced Preclinical Services\"},{\"@type\":\"BreadcrumbList\",\"@id\":\"http:\/\/xenopat.com\/ca\/serveis-preclinics-avancats\/#breadcrumb\",\"itemListElement\":[{\"@type\":\"ListItem\",\"position\":1,\"name\":\"Home\",\"item\":\"http:\/\/xenopat.com\/\"},{\"@type\":\"ListItem\",\"position\":2,\"name\":\"Serveis Precl\u00ednics Avan\u00e7ats\"}]},{\"@type\":\"WebSite\",\"@id\":\"http:\/\/xenopat.com\/#website\",\"url\":\"http:\/\/xenopat.com\/\",\"name\":\"Xenopat\",\"description\":\"The latest scientific findings at the service of the fight against cancer\",\"publisher\":{\"@id\":\"http:\/\/xenopat.com\/#organization\"},\"potentialAction\":[{\"@type\":\"SearchAction\",\"target\":{\"@type\":\"EntryPoint\",\"urlTemplate\":\"http:\/\/xenopat.com\/?s={search_term_string}\"},\"query-input\":\"required name=search_term_string\"}],\"inLanguage\":\"ca\"},{\"@type\":\"Organization\",\"@id\":\"http:\/\/xenopat.com\/#organization\",\"name\":\"Xenopat\",\"url\":\"http:\/\/xenopat.com\/\",\"logo\":{\"@type\":\"ImageObject\",\"inLanguage\":\"ca\",\"@id\":\"http:\/\/xenopat.com\/#\/schema\/logo\/image\/\",\"url\":\"http:\/\/xenopat.com\/wp-content\/uploads\/2020\/03\/cropped-xenopat_normal.png\",\"contentUrl\":\"http:\/\/xenopat.com\/wp-content\/uploads\/2020\/03\/cropped-xenopat_normal.png\",\"width\":141,\"height\":23,\"caption\":\"Xenopat\"},\"image\":{\"@id\":\"http:\/\/xenopat.com\/#\/schema\/logo\/image\/\"}}]}<\/script>\n<!-- \/ Yoast SEO plugin. -->","yoast_head_json":{"title":"Serveis Precl\u00ednics Avan\u00e7ats - Xenopat","robots":{"index":"index","follow":"follow","max-snippet":"max-snippet:-1","max-image-preview":"max-image-preview:large","max-video-preview":"max-video-preview:-1"},"canonical":"http:\/\/xenopat.com\/ca\/serveis-preclinics-avancats\/","og_locale":"ca_ES","og_type":"article","og_title":"Serveis Precl\u00ednics Avan\u00e7ats - Xenopat","og_description":"Serveis Precl\u00ednics Avan\u00e7ats Els Serveis Precl\u00ednics Avan\u00e7ats de Xenopat ofereixen les eines m\u00e9s innovadores per al desenvolupament de nous f\u00e0rmacs oncol\u00f2gics. Xenopat ofereix als investigadors i a les companyies farmac\u00e8utiques l\u2019OrthoXenoBank\u00ae format per m\u00e9s de 200 orthoxenografts\u00ae, models ortot\u00f2pics de diferents tumors humans implantats en el mateix \u00f2rgan del ratol\u00ed, incloent: colon, pulm\u00f3, mama, ovari [&hellip;]","og_url":"http:\/\/xenopat.com\/ca\/serveis-preclinics-avancats\/","og_site_name":"Xenopat","article_modified_time":"2020-04-02T09:42:09+00:00","og_image":[{"width":2048,"height":1536,"url":"http:\/\/xenopat.com\/wp-content\/uploads\/2020\/03\/web111.jpg","type":"image\/jpeg"}],"twitter_card":"summary_large_image","twitter_misc":{"Temps estimat de lectura":"2 minuts"},"schema":{"@context":"https:\/\/schema.org","@graph":[{"@type":"WebPage","@id":"http:\/\/xenopat.com\/ca\/serveis-preclinics-avancats\/","url":"http:\/\/xenopat.com\/ca\/serveis-preclinics-avancats\/","name":"Serveis Precl\u00ednics Avan\u00e7ats - Xenopat","isPartOf":{"@id":"http:\/\/xenopat.com\/#website"},"primaryImageOfPage":{"@id":"http:\/\/xenopat.com\/ca\/serveis-preclinics-avancats\/#primaryimage"},"image":{"@id":"http:\/\/xenopat.com\/ca\/serveis-preclinics-avancats\/#primaryimage"},"thumbnailUrl":"http:\/\/xenopat.com\/wp-content\/uploads\/2020\/03\/web111.jpg","datePublished":"2020-03-10T12:42:51+00:00","dateModified":"2020-04-02T09:42:09+00:00","breadcrumb":{"@id":"http:\/\/xenopat.com\/ca\/serveis-preclinics-avancats\/#breadcrumb"},"inLanguage":"ca","potentialAction":[{"@type":"ReadAction","target":["http:\/\/xenopat.com\/ca\/serveis-preclinics-avancats\/"]}]},{"@type":"ImageObject","inLanguage":"ca","@id":"http:\/\/xenopat.com\/ca\/serveis-preclinics-avancats\/#primaryimage","url":"http:\/\/xenopat.com\/wp-content\/uploads\/2020\/03\/web111.jpg","contentUrl":"http:\/\/xenopat.com\/wp-content\/uploads\/2020\/03\/web111.jpg","width":2048,"height":1536,"caption":"dvanced Preclinical Services"},{"@type":"BreadcrumbList","@id":"http:\/\/xenopat.com\/ca\/serveis-preclinics-avancats\/#breadcrumb","itemListElement":[{"@type":"ListItem","position":1,"name":"Home","item":"http:\/\/xenopat.com\/"},{"@type":"ListItem","position":2,"name":"Serveis Precl\u00ednics Avan\u00e7ats"}]},{"@type":"WebSite","@id":"http:\/\/xenopat.com\/#website","url":"http:\/\/xenopat.com\/","name":"Xenopat","description":"The latest scientific findings at the service of the fight against cancer","publisher":{"@id":"http:\/\/xenopat.com\/#organization"},"potentialAction":[{"@type":"SearchAction","target":{"@type":"EntryPoint","urlTemplate":"http:\/\/xenopat.com\/?s={search_term_string}"},"query-input":"required name=search_term_string"}],"inLanguage":"ca"},{"@type":"Organization","@id":"http:\/\/xenopat.com\/#organization","name":"Xenopat","url":"http:\/\/xenopat.com\/","logo":{"@type":"ImageObject","inLanguage":"ca","@id":"http:\/\/xenopat.com\/#\/schema\/logo\/image\/","url":"http:\/\/xenopat.com\/wp-content\/uploads\/2020\/03\/cropped-xenopat_normal.png","contentUrl":"http:\/\/xenopat.com\/wp-content\/uploads\/2020\/03\/cropped-xenopat_normal.png","width":141,"height":23,"caption":"Xenopat"},"image":{"@id":"http:\/\/xenopat.com\/#\/schema\/logo\/image\/"}}]}},"_links":{"self":[{"href":"http:\/\/xenopat.com\/ca\/wp-json\/wp\/v2\/pages\/267"}],"collection":[{"href":"http:\/\/xenopat.com\/ca\/wp-json\/wp\/v2\/pages"}],"about":[{"href":"http:\/\/xenopat.com\/ca\/wp-json\/wp\/v2\/types\/page"}],"author":[{"embeddable":true,"href":"http:\/\/xenopat.com\/ca\/wp-json\/wp\/v2\/users\/1"}],"replies":[{"embeddable":true,"href":"http:\/\/xenopat.com\/ca\/wp-json\/wp\/v2\/comments?post=267"}],"version-history":[{"count":11,"href":"http:\/\/xenopat.com\/ca\/wp-json\/wp\/v2\/pages\/267\/revisions"}],"predecessor-version":[{"id":879,"href":"http:\/\/xenopat.com\/ca\/wp-json\/wp\/v2\/pages\/267\/revisions\/879"}],"wp:featuredmedia":[{"embeddable":true,"href":"http:\/\/xenopat.com\/ca\/wp-json\/wp\/v2\/media\/20"}],"wp:attachment":[{"href":"http:\/\/xenopat.com\/ca\/wp-json\/wp\/v2\/media?parent=267"}],"curies":[{"name":"wp","href":"https:\/\/api.w.org\/{rel}","templated":true}]}}