{"id":275,"date":"2020-03-10T14:18:20","date_gmt":"2020-03-10T14:18:20","guid":{"rendered":"http:\/\/xenopat.com\/advanced-preclinical-services\/orthoxenobank\/"},"modified":"2020-04-02T09:43:35","modified_gmt":"2020-04-02T09:43:35","slug":"orthoxenobank","status":"publish","type":"page","link":"http:\/\/xenopat.com\/ca\/serveis-preclinics-avancats\/orthoxenobank\/","title":{"rendered":"OrthoXenoBank\u00ae"},"content":{"rendered":"\t\t<div data-elementor-type=\"wp-page\" data-elementor-id=\"275\" class=\"elementor elementor-275 elementor-125\" data-elementor-post-type=\"page\">\n\t\t\t\t\t\t<section class=\"elementor-section elementor-top-section elementor-element elementor-element-28073524 elementor-section-height-min-height elementor-section-boxed elementor-section-height-default elementor-section-items-middle\" data-id=\"28073524\" data-element_type=\"section\" data-settings=\"{&quot;background_background&quot;:&quot;classic&quot;}\">\n\t\t\t\t\t\t\t<div class=\"elementor-background-overlay\"><\/div>\n\t\t\t\t\t\t\t<div class=\"elementor-container elementor-column-gap-default\">\n\t\t\t\t\t<div class=\"elementor-column elementor-col-100 elementor-top-column elementor-element elementor-element-2fe8b88\" data-id=\"2fe8b88\" data-element_type=\"column\">\n\t\t\t<div class=\"elementor-widget-wrap elementor-element-populated\">\n\t\t\t\t\t\t<div class=\"elementor-element elementor-element-7ea6343 elementor-widget elementor-widget-heading\" data-id=\"7ea6343\" data-element_type=\"widget\" data-widget_type=\"heading.default\">\n\t\t\t\t<div class=\"elementor-widget-container\">\n\t\t\t<h1 class=\"elementor-heading-title elementor-size-default\">OrthoXenoBank\u00ae<\/h1>\t\t<\/div>\n\t\t\t\t<\/div>\n\t\t\t\t\t<\/div>\n\t\t<\/div>\n\t\t\t\t\t<\/div>\n\t\t<\/section>\n\t\t\t\t<section class=\"elementor-section elementor-top-section elementor-element elementor-element-66b2190 elementor-section-boxed elementor-section-height-default elementor-section-height-default\" data-id=\"66b2190\" data-element_type=\"section\">\n\t\t\t\t\t\t<div class=\"elementor-container elementor-column-gap-default\">\n\t\t\t\t\t<div class=\"elementor-column elementor-col-66 elementor-top-column elementor-element elementor-element-39081aa\" data-id=\"39081aa\" data-element_type=\"column\">\n\t\t\t<div class=\"elementor-widget-wrap elementor-element-populated\">\n\t\t\t\t\t\t<div class=\"elementor-element elementor-element-8a0b9ca elementor-widget elementor-widget-text-editor\" data-id=\"8a0b9ca\" data-element_type=\"widget\" data-widget_type=\"text-editor.default\">\n\t\t\t\t<div class=\"elementor-widget-container\">\n\t\t\t\t\t\t\t<p>L\u2019OrthoXenoBank\u00ae \u00e9s la col\u00b7lecci\u00f3 d\u2019orthoxenografts\u00ae que Xenopat posa a disposici\u00f3 dels seus clients. La seg\u00fcent taula resumeix els principals orthoxenografts\u00ae disponibles a Xenopat. Qualsevol informaci\u00f3 adicional que necessitin no dubtin a contactar amb nosatltres.<\/p><p>\u00a0<\/p><p>L\u2019OrthoXenoBank\u00ae est\u00e0 format per m\u00e9s de 350 models, que representen els subtipus histol\u00f2gics m\u00e9s freq\u00fcents de les seg\u00fcents localitzacions: colon, mama, pulm\u00f3, ovari, p\u00e0ncrees, endometri, sarcomes, cap i coll, fetge i testicular, entre d\u2019altres. Tots els tumors presents a l\u2019OrthoXenoBank\u00ae estan clasificats segons el seu subtipus histol\u00f2gic i estan caracteritzats a nivell gen\u00e8tic per les mutacions m\u00e9s destacades en cada subtipus tumoral.<\/p>\t\t\t\t\t\t<\/div>\n\t\t\t\t<\/div>\n\t\t\t\t<div class=\"elementor-element elementor-element-a4d2c59 elementor-widget elementor-widget-image\" data-id=\"a4d2c59\" data-element_type=\"widget\" data-widget_type=\"image.default\">\n\t\t\t\t<div class=\"elementor-widget-container\">\n\t\t\t\t\t\t\t\t\t\t\t\t\t<img fetchpriority=\"high\" decoding=\"async\" width=\"800\" height=\"818\" src=\"http:\/\/xenopat.com\/wp-content\/uploads\/2020\/03\/Taula-tumors_ok-1001x1024.jpg\" class=\"attachment-large size-large wp-image-420\" alt=\"\" srcset=\"http:\/\/xenopat.com\/wp-content\/uploads\/2020\/03\/Taula-tumors_ok-1001x1024.jpg 1001w, http:\/\/xenopat.com\/wp-content\/uploads\/2020\/03\/Taula-tumors_ok-293x300.jpg 293w, http:\/\/xenopat.com\/wp-content\/uploads\/2020\/03\/Taula-tumors_ok-768x785.jpg 768w, http:\/\/xenopat.com\/wp-content\/uploads\/2020\/03\/Taula-tumors_ok.jpg 1287w\" sizes=\"(max-width: 800px) 100vw, 800px\" \/>\t\t\t\t\t\t\t\t\t\t\t\t\t<\/div>\n\t\t\t\t<\/div>\n\t\t\t\t<div class=\"elementor-element elementor-element-d9e976f elementor-widget elementor-widget-text-editor\" data-id=\"d9e976f\" data-element_type=\"widget\" data-widget_type=\"text-editor.default\">\n\t\t\t\t<div class=\"elementor-widget-container\">\n\t\t\t\t\t\t\t<div class=\"fusion-five-sixth fusion-column\"><div class=\"fusion-five-sixth fusion-column\">* Tumors amb resist\u00e8ncia adquirida a la quimioterapia.<br \/>** Tumors refractaris end\u00f2gens.<\/div><div class=\"fusion-fullwidth fullwidth-box\"><div class=\"avada-row\"><div class=\"fusion-separator fusion-full-width-sep sep-none\">\u00a0<\/div><p>Els tumors de l\u2019OrthoXenoBank\u00ae tamb\u00e9 estan caracteritzats segons el seu nivell de sensibilitat\/resist\u00e8ncia a diferents tractaments est\u00e0ndard de quimioter\u00e0pia. L\u2019OrthoXenoBank\u00ae cont\u00e9 alguns tumors refractaris a la quimioter\u00e0pia, obtinguts directament del pacient.<\/p><p>\u00a0<\/p><p>A m\u00e9s a m\u00e9s, l\u2019OrthoXenoBank\u00ae cont\u00e9 parelles de tumors sensibles i resistents a la quimioter\u00e0pia que han estat generats\u00a0<em>in vivo<\/em>\u00a0a trav\u00e9s de rondes successives de tractament dels orthoxenografts\u00ae sensibles al tractament.<\/p><\/div><\/div><\/div>\t\t\t\t\t\t<\/div>\n\t\t\t\t<\/div>\n\t\t\t\t\t<\/div>\n\t\t<\/div>\n\t\t\t\t<div class=\"elementor-column elementor-col-33 elementor-top-column elementor-element elementor-element-e6fdf97\" data-id=\"e6fdf97\" data-element_type=\"column\">\n\t\t\t<div class=\"elementor-widget-wrap elementor-element-populated\">\n\t\t\t\t\t\t<div class=\"elementor-element elementor-element-2333da9 elementor-widget elementor-widget-global elementor-global-711 elementor-widget-wp-widget-nav_menu\" data-id=\"2333da9\" data-element_type=\"widget\" data-widget_type=\"wp-widget-nav_menu.default\">\n\t\t\t\t<div class=\"elementor-widget-container\">\n\t\t\t<h5>Serveis Precl\u00ednics Avan\u00e7ats<\/h5><div class=\"menu-advanced-preclinical-services-catalan-container\"><ul id=\"menu-advanced-preclinical-services-catalan\" class=\"menu\"><li id=\"menu-item-280\" class=\"menu-item menu-item-type-post_type menu-item-object-page menu-item-280\"><a href=\"http:\/\/xenopat.com\/ca\/serveis-preclinics-avancats\/\">Introducci\u00f3<\/a><\/li>\n<li id=\"menu-item-321\" class=\"menu-item menu-item-type-post_type menu-item-object-page menu-item-321\"><a href=\"http:\/\/xenopat.com\/ca\/serveis-preclinics-avancats\/orthoxenografts\/\">Orthoxenografts\u00ae<\/a><\/li>\n<li id=\"menu-item-281\" class=\"menu-item menu-item-type-post_type menu-item-object-page menu-item-281\"><a href=\"http:\/\/xenopat.com\/ca\/serveis-preclinics-avancats\/orthoxenobank\/\">OrthoXenoBank\u00ae<\/a><\/li>\n<li id=\"menu-item-282\" class=\"menu-item menu-item-type-post_type menu-item-object-page menu-item-282\"><a href=\"http:\/\/xenopat.com\/ca\/serveis-preclinics-avancats\/bibliography\/\">Bibliografia<\/a><\/li>\n<\/ul><\/div>\t\t<\/div>\n\t\t\t\t<\/div>\n\t\t\t\t<div class=\"elementor-element elementor-element-f80a958 elementor-widget elementor-widget-global elementor-global-714 elementor-widget-text-editor\" data-id=\"f80a958\" data-element_type=\"widget\" data-widget_type=\"text-editor.default\">\n\t\t\t\t<div class=\"elementor-widget-container\">\n\t\t\t\t\t\t\t<h5>Contacte<\/h5><p><a href=\"http:\/\/xenopat.com\/?p=11860\" target=\"_blank\" rel=\"noopener\">Contacti<\/a>\u00a0avui amb l&#8217;equip de Xenopat per saber m\u00e9s sobre els Serveis Precl\u00ednics Avan\u00e7ats.<\/p>\t\t\t\t\t\t<\/div>\n\t\t\t\t<\/div>\n\t\t\t\t\t<\/div>\n\t\t<\/div>\n\t\t\t\t\t<\/div>\n\t\t<\/section>\n\t\t\t\t<\/div>\n\t\t","protected":false},"excerpt":{"rendered":"<p>OrthoXenoBank\u00ae L\u2019OrthoXenoBank\u00ae \u00e9s la col\u00b7lecci\u00f3 d\u2019orthoxenografts\u00ae que Xenopat posa a disposici\u00f3 dels seus clients. La seg\u00fcent taula resumeix els principals orthoxenografts\u00ae disponibles a Xenopat. Qualsevol informaci\u00f3 adicional que necessitin no dubtin a contactar amb nosatltres. \u00a0 L\u2019OrthoXenoBank\u00ae est\u00e0 format per m\u00e9s de 350 models, que representen els subtipus histol\u00f2gics m\u00e9s freq\u00fcents de les seg\u00fcents localitzacions: [&hellip;]<\/p>\n","protected":false},"author":1,"featured_media":0,"parent":267,"menu_order":0,"comment_status":"closed","ping_status":"closed","template":"","meta":{"footnotes":""},"class_list":["post-275","page","type-page","status-publish","hentry"],"yoast_head":"<!-- This site is optimized with the Yoast SEO plugin v23.1 - https:\/\/yoast.com\/wordpress\/plugins\/seo\/ -->\n<title>OrthoXenoBank\u00ae - Xenopat<\/title>\n<meta name=\"robots\" content=\"index, follow, max-snippet:-1, max-image-preview:large, max-video-preview:-1\" \/>\n<link rel=\"canonical\" href=\"http:\/\/xenopat.com\/ca\/serveis-preclinics-avancats\/orthoxenobank\/\" \/>\n<meta property=\"og:locale\" content=\"ca_ES\" \/>\n<meta property=\"og:type\" content=\"article\" \/>\n<meta property=\"og:title\" content=\"OrthoXenoBank\u00ae - Xenopat\" \/>\n<meta property=\"og:description\" content=\"OrthoXenoBank\u00ae L\u2019OrthoXenoBank\u00ae \u00e9s la col\u00b7lecci\u00f3 d\u2019orthoxenografts\u00ae que Xenopat posa a disposici\u00f3 dels seus clients. La seg\u00fcent taula resumeix els principals orthoxenografts\u00ae disponibles a Xenopat. Qualsevol informaci\u00f3 adicional que necessitin no dubtin a contactar amb nosatltres. \u00a0 L\u2019OrthoXenoBank\u00ae est\u00e0 format per m\u00e9s de 350 models, que representen els subtipus histol\u00f2gics m\u00e9s freq\u00fcents de les seg\u00fcents localitzacions: [&hellip;]\" \/>\n<meta property=\"og:url\" content=\"http:\/\/xenopat.com\/ca\/serveis-preclinics-avancats\/orthoxenobank\/\" \/>\n<meta property=\"og:site_name\" content=\"Xenopat\" \/>\n<meta property=\"article:modified_time\" content=\"2020-04-02T09:43:35+00:00\" \/>\n<meta property=\"og:image\" content=\"http:\/\/xenopat.com\/wp-content\/uploads\/2020\/03\/Taula-tumors_ok-1001x1024.jpg\" \/>\n<meta name=\"twitter:card\" content=\"summary_large_image\" \/>\n<meta name=\"twitter:label1\" content=\"Temps estimat de lectura\" \/>\n\t<meta name=\"twitter:data1\" content=\"1 minut\" \/>\n<script type=\"application\/ld+json\" class=\"yoast-schema-graph\">{\"@context\":\"https:\/\/schema.org\",\"@graph\":[{\"@type\":\"WebPage\",\"@id\":\"http:\/\/xenopat.com\/ca\/serveis-preclinics-avancats\/orthoxenobank\/\",\"url\":\"http:\/\/xenopat.com\/ca\/serveis-preclinics-avancats\/orthoxenobank\/\",\"name\":\"OrthoXenoBank\u00ae - Xenopat\",\"isPartOf\":{\"@id\":\"http:\/\/xenopat.com\/#website\"},\"primaryImageOfPage\":{\"@id\":\"http:\/\/xenopat.com\/ca\/serveis-preclinics-avancats\/orthoxenobank\/#primaryimage\"},\"image\":{\"@id\":\"http:\/\/xenopat.com\/ca\/serveis-preclinics-avancats\/orthoxenobank\/#primaryimage\"},\"thumbnailUrl\":\"http:\/\/xenopat.com\/wp-content\/uploads\/2020\/03\/Taula-tumors_ok-1001x1024.jpg\",\"datePublished\":\"2020-03-10T14:18:20+00:00\",\"dateModified\":\"2020-04-02T09:43:35+00:00\",\"breadcrumb\":{\"@id\":\"http:\/\/xenopat.com\/ca\/serveis-preclinics-avancats\/orthoxenobank\/#breadcrumb\"},\"inLanguage\":\"ca\",\"potentialAction\":[{\"@type\":\"ReadAction\",\"target\":[\"http:\/\/xenopat.com\/ca\/serveis-preclinics-avancats\/orthoxenobank\/\"]}]},{\"@type\":\"ImageObject\",\"inLanguage\":\"ca\",\"@id\":\"http:\/\/xenopat.com\/ca\/serveis-preclinics-avancats\/orthoxenobank\/#primaryimage\",\"url\":\"http:\/\/xenopat.com\/wp-content\/uploads\/2020\/03\/Taula-tumors_ok-1001x1024.jpg\",\"contentUrl\":\"http:\/\/xenopat.com\/wp-content\/uploads\/2020\/03\/Taula-tumors_ok-1001x1024.jpg\"},{\"@type\":\"BreadcrumbList\",\"@id\":\"http:\/\/xenopat.com\/ca\/serveis-preclinics-avancats\/orthoxenobank\/#breadcrumb\",\"itemListElement\":[{\"@type\":\"ListItem\",\"position\":1,\"name\":\"Home\",\"item\":\"http:\/\/xenopat.com\/\"},{\"@type\":\"ListItem\",\"position\":2,\"name\":\"Serveis Precl\u00ednics Avan\u00e7ats\",\"item\":\"http:\/\/xenopat.com\/ca\/serveis-preclinics-avancats\/\"},{\"@type\":\"ListItem\",\"position\":3,\"name\":\"OrthoXenoBank\u00ae\"}]},{\"@type\":\"WebSite\",\"@id\":\"http:\/\/xenopat.com\/#website\",\"url\":\"http:\/\/xenopat.com\/\",\"name\":\"Xenopat\",\"description\":\"The latest scientific findings at the service of the fight against cancer\",\"publisher\":{\"@id\":\"http:\/\/xenopat.com\/#organization\"},\"potentialAction\":[{\"@type\":\"SearchAction\",\"target\":{\"@type\":\"EntryPoint\",\"urlTemplate\":\"http:\/\/xenopat.com\/?s={search_term_string}\"},\"query-input\":\"required name=search_term_string\"}],\"inLanguage\":\"ca\"},{\"@type\":\"Organization\",\"@id\":\"http:\/\/xenopat.com\/#organization\",\"name\":\"Xenopat\",\"url\":\"http:\/\/xenopat.com\/\",\"logo\":{\"@type\":\"ImageObject\",\"inLanguage\":\"ca\",\"@id\":\"http:\/\/xenopat.com\/#\/schema\/logo\/image\/\",\"url\":\"http:\/\/xenopat.com\/wp-content\/uploads\/2020\/03\/cropped-xenopat_normal.png\",\"contentUrl\":\"http:\/\/xenopat.com\/wp-content\/uploads\/2020\/03\/cropped-xenopat_normal.png\",\"width\":141,\"height\":23,\"caption\":\"Xenopat\"},\"image\":{\"@id\":\"http:\/\/xenopat.com\/#\/schema\/logo\/image\/\"}}]}<\/script>\n<!-- \/ Yoast SEO plugin. -->","yoast_head_json":{"title":"OrthoXenoBank\u00ae - Xenopat","robots":{"index":"index","follow":"follow","max-snippet":"max-snippet:-1","max-image-preview":"max-image-preview:large","max-video-preview":"max-video-preview:-1"},"canonical":"http:\/\/xenopat.com\/ca\/serveis-preclinics-avancats\/orthoxenobank\/","og_locale":"ca_ES","og_type":"article","og_title":"OrthoXenoBank\u00ae - Xenopat","og_description":"OrthoXenoBank\u00ae L\u2019OrthoXenoBank\u00ae \u00e9s la col\u00b7lecci\u00f3 d\u2019orthoxenografts\u00ae que Xenopat posa a disposici\u00f3 dels seus clients. La seg\u00fcent taula resumeix els principals orthoxenografts\u00ae disponibles a Xenopat. Qualsevol informaci\u00f3 adicional que necessitin no dubtin a contactar amb nosatltres. \u00a0 L\u2019OrthoXenoBank\u00ae est\u00e0 format per m\u00e9s de 350 models, que representen els subtipus histol\u00f2gics m\u00e9s freq\u00fcents de les seg\u00fcents localitzacions: [&hellip;]","og_url":"http:\/\/xenopat.com\/ca\/serveis-preclinics-avancats\/orthoxenobank\/","og_site_name":"Xenopat","article_modified_time":"2020-04-02T09:43:35+00:00","og_image":[{"url":"http:\/\/xenopat.com\/wp-content\/uploads\/2020\/03\/Taula-tumors_ok-1001x1024.jpg"}],"twitter_card":"summary_large_image","twitter_misc":{"Temps estimat de lectura":"1 minut"},"schema":{"@context":"https:\/\/schema.org","@graph":[{"@type":"WebPage","@id":"http:\/\/xenopat.com\/ca\/serveis-preclinics-avancats\/orthoxenobank\/","url":"http:\/\/xenopat.com\/ca\/serveis-preclinics-avancats\/orthoxenobank\/","name":"OrthoXenoBank\u00ae - Xenopat","isPartOf":{"@id":"http:\/\/xenopat.com\/#website"},"primaryImageOfPage":{"@id":"http:\/\/xenopat.com\/ca\/serveis-preclinics-avancats\/orthoxenobank\/#primaryimage"},"image":{"@id":"http:\/\/xenopat.com\/ca\/serveis-preclinics-avancats\/orthoxenobank\/#primaryimage"},"thumbnailUrl":"http:\/\/xenopat.com\/wp-content\/uploads\/2020\/03\/Taula-tumors_ok-1001x1024.jpg","datePublished":"2020-03-10T14:18:20+00:00","dateModified":"2020-04-02T09:43:35+00:00","breadcrumb":{"@id":"http:\/\/xenopat.com\/ca\/serveis-preclinics-avancats\/orthoxenobank\/#breadcrumb"},"inLanguage":"ca","potentialAction":[{"@type":"ReadAction","target":["http:\/\/xenopat.com\/ca\/serveis-preclinics-avancats\/orthoxenobank\/"]}]},{"@type":"ImageObject","inLanguage":"ca","@id":"http:\/\/xenopat.com\/ca\/serveis-preclinics-avancats\/orthoxenobank\/#primaryimage","url":"http:\/\/xenopat.com\/wp-content\/uploads\/2020\/03\/Taula-tumors_ok-1001x1024.jpg","contentUrl":"http:\/\/xenopat.com\/wp-content\/uploads\/2020\/03\/Taula-tumors_ok-1001x1024.jpg"},{"@type":"BreadcrumbList","@id":"http:\/\/xenopat.com\/ca\/serveis-preclinics-avancats\/orthoxenobank\/#breadcrumb","itemListElement":[{"@type":"ListItem","position":1,"name":"Home","item":"http:\/\/xenopat.com\/"},{"@type":"ListItem","position":2,"name":"Serveis Precl\u00ednics Avan\u00e7ats","item":"http:\/\/xenopat.com\/ca\/serveis-preclinics-avancats\/"},{"@type":"ListItem","position":3,"name":"OrthoXenoBank\u00ae"}]},{"@type":"WebSite","@id":"http:\/\/xenopat.com\/#website","url":"http:\/\/xenopat.com\/","name":"Xenopat","description":"The latest scientific findings at the service of the fight against cancer","publisher":{"@id":"http:\/\/xenopat.com\/#organization"},"potentialAction":[{"@type":"SearchAction","target":{"@type":"EntryPoint","urlTemplate":"http:\/\/xenopat.com\/?s={search_term_string}"},"query-input":"required name=search_term_string"}],"inLanguage":"ca"},{"@type":"Organization","@id":"http:\/\/xenopat.com\/#organization","name":"Xenopat","url":"http:\/\/xenopat.com\/","logo":{"@type":"ImageObject","inLanguage":"ca","@id":"http:\/\/xenopat.com\/#\/schema\/logo\/image\/","url":"http:\/\/xenopat.com\/wp-content\/uploads\/2020\/03\/cropped-xenopat_normal.png","contentUrl":"http:\/\/xenopat.com\/wp-content\/uploads\/2020\/03\/cropped-xenopat_normal.png","width":141,"height":23,"caption":"Xenopat"},"image":{"@id":"http:\/\/xenopat.com\/#\/schema\/logo\/image\/"}}]}},"_links":{"self":[{"href":"http:\/\/xenopat.com\/ca\/wp-json\/wp\/v2\/pages\/275"}],"collection":[{"href":"http:\/\/xenopat.com\/ca\/wp-json\/wp\/v2\/pages"}],"about":[{"href":"http:\/\/xenopat.com\/ca\/wp-json\/wp\/v2\/types\/page"}],"author":[{"embeddable":true,"href":"http:\/\/xenopat.com\/ca\/wp-json\/wp\/v2\/users\/1"}],"replies":[{"embeddable":true,"href":"http:\/\/xenopat.com\/ca\/wp-json\/wp\/v2\/comments?post=275"}],"version-history":[{"count":8,"href":"http:\/\/xenopat.com\/ca\/wp-json\/wp\/v2\/pages\/275\/revisions"}],"predecessor-version":[{"id":881,"href":"http:\/\/xenopat.com\/ca\/wp-json\/wp\/v2\/pages\/275\/revisions\/881"}],"up":[{"embeddable":true,"href":"http:\/\/xenopat.com\/ca\/wp-json\/wp\/v2\/pages\/267"}],"wp:attachment":[{"href":"http:\/\/xenopat.com\/ca\/wp-json\/wp\/v2\/media?parent=275"}],"curies":[{"name":"wp","href":"https:\/\/api.w.org\/{rel}","templated":true}]}}