{"id":300,"date":"2020-03-10T14:18:02","date_gmt":"2020-03-10T14:18:02","guid":{"rendered":"http:\/\/xenopat.com\/advanced-preclinical-services\/orthoxenografts\/"},"modified":"2020-04-02T10:05:29","modified_gmt":"2020-04-02T10:05:29","slug":"orthoxenografts","status":"publish","type":"page","link":"http:\/\/xenopat.com\/ca\/serveis-preclinics-avancats\/orthoxenografts\/","title":{"rendered":"Orthoxenografts\u00ae"},"content":{"rendered":"\t\t<div data-elementor-type=\"wp-page\" data-elementor-id=\"300\" class=\"elementor elementor-300 elementor-123\" data-elementor-post-type=\"page\">\n\t\t\t\t\t\t<section class=\"elementor-section elementor-top-section elementor-element elementor-element-424b35d6 elementor-section-height-min-height elementor-section-boxed elementor-section-height-default elementor-section-items-middle\" data-id=\"424b35d6\" data-element_type=\"section\" data-settings=\"{&quot;background_background&quot;:&quot;classic&quot;}\">\n\t\t\t\t\t\t\t<div class=\"elementor-background-overlay\"><\/div>\n\t\t\t\t\t\t\t<div class=\"elementor-container elementor-column-gap-default\">\n\t\t\t\t\t<div class=\"elementor-column elementor-col-100 elementor-top-column elementor-element elementor-element-67972577\" data-id=\"67972577\" data-element_type=\"column\">\n\t\t\t<div class=\"elementor-widget-wrap elementor-element-populated\">\n\t\t\t\t\t\t<div class=\"elementor-element elementor-element-3a08a66b elementor-widget elementor-widget-heading\" data-id=\"3a08a66b\" data-element_type=\"widget\" data-widget_type=\"heading.default\">\n\t\t\t\t<div class=\"elementor-widget-container\">\n\t\t\t<h1 class=\"elementor-heading-title elementor-size-default\">Orthoxenografts\u00ae<\/h1>\t\t<\/div>\n\t\t\t\t<\/div>\n\t\t\t\t\t<\/div>\n\t\t<\/div>\n\t\t\t\t\t<\/div>\n\t\t<\/section>\n\t\t\t\t<section class=\"elementor-section elementor-top-section elementor-element elementor-element-db4fbe2 elementor-section-boxed elementor-section-height-default elementor-section-height-default\" data-id=\"db4fbe2\" data-element_type=\"section\">\n\t\t\t\t\t\t<div class=\"elementor-container elementor-column-gap-default\">\n\t\t\t\t\t<div class=\"elementor-column elementor-col-66 elementor-top-column elementor-element elementor-element-3015c37\" data-id=\"3015c37\" data-element_type=\"column\">\n\t\t\t<div class=\"elementor-widget-wrap elementor-element-populated\">\n\t\t\t\t\t\t<div class=\"elementor-element elementor-element-faafc7b elementor-widget elementor-widget-text-editor\" data-id=\"faafc7b\" data-element_type=\"widget\" data-widget_type=\"text-editor.default\">\n\t\t\t\t<div class=\"elementor-widget-container\">\n\t\t\t\t\t\t\t<p>Els orthoxenografts\u00ae s\u00f3n models experimentals murins en els quals s\u2019implanta un petit fragment de tumor hum\u00e0 (xenograft, implantaci\u00f3 d\u2019una esp\u00e8cie a una altra) en el mateix lloc d\u2019origen (ortot\u00f2pic). Es tracta doncs de xenografts ortot\u00f2pics derivats de pacient (<em>Patient-Derived Orthotopic Xenografts,<\/em>\u00a0PDOXs). Xenopat ha desenvolupat el coneixement per a poder implantar tumors en una finestra de 24 hores despr\u00e9s de la resecci\u00f3 del tumor, aconseguint taxes d\u2019implantaci\u00f3 molt altes.<\/p>\t\t\t\t\t\t<\/div>\n\t\t\t\t<\/div>\n\t\t\t\t<div class=\"elementor-element elementor-element-ce439c4 elementor-widget elementor-widget-image\" data-id=\"ce439c4\" data-element_type=\"widget\" data-widget_type=\"image.default\">\n\t\t\t\t<div class=\"elementor-widget-container\">\n\t\t\t\t\t\t\t\t\t\t\t\t\t<img fetchpriority=\"high\" decoding=\"async\" width=\"710\" height=\"268\" src=\"http:\/\/xenopat.com\/wp-content\/uploads\/2020\/03\/Preclinica_catala.jpg\" class=\"attachment-large size-large wp-image-412\" alt=\"\" srcset=\"http:\/\/xenopat.com\/wp-content\/uploads\/2020\/03\/Preclinica_catala.jpg 710w, http:\/\/xenopat.com\/wp-content\/uploads\/2020\/03\/Preclinica_catala-300x113.jpg 300w\" sizes=\"(max-width: 710px) 100vw, 710px\" \/>\t\t\t\t\t\t\t\t\t\t\t\t\t<\/div>\n\t\t\t\t<\/div>\n\t\t\t\t<div class=\"elementor-element elementor-element-f0d88fb elementor-widget elementor-widget-text-editor\" data-id=\"f0d88fb\" data-element_type=\"widget\" data-widget_type=\"text-editor.default\">\n\t\t\t\t<div class=\"elementor-widget-container\">\n\t\t\t\t\t\t\t<p>Els orthoxenografts\u00ae es caracteritzen per:<\/p><p>\u00a0<\/p><ul><li>Mantenir les caracter\u00edstiques histol\u00f2giques, gen\u00e8tiques i moleculars del tumor hum\u00e0 primari.<\/li><li>Reproduir els patrons de creixement i disseminaci\u00f3 del tumor hum\u00e0 original.<\/li><li>Mimetitzar el patr\u00f3 de resposta als f\u00e0rmacs del tumor hum\u00e0 original.<\/li><li>Assolir una m\u00e0xima correlaci\u00f3 entre els estudis precl\u00ednics\u00a0<i>in vivo<\/i>\u00a0i els assajos cl\u00ednics en humans.<\/li><\/ul><p>\u00a0<\/p><p>Per aquests motius, actualment els orthoxenografts\u00ae s\u00f3n els models precl\u00ednics m\u00e9s avan\u00e7ats per al desenvolupament de nous f\u00e0rmacs antitumotrals.<\/p>\t\t\t\t\t\t<\/div>\n\t\t\t\t<\/div>\n\t\t\t\t<div class=\"elementor-element elementor-element-f560a82 elementor-widget elementor-widget-image\" data-id=\"f560a82\" data-element_type=\"widget\" data-widget_type=\"image.default\">\n\t\t\t\t<div class=\"elementor-widget-container\">\n\t\t\t\t\t\t\t\t\t\t\t\t\t<img decoding=\"async\" width=\"712\" height=\"420\" src=\"http:\/\/xenopat.com\/wp-content\/uploads\/2020\/03\/Tumors_catala1.jpg\" class=\"attachment-large size-large wp-image-415\" alt=\"\" srcset=\"http:\/\/xenopat.com\/wp-content\/uploads\/2020\/03\/Tumors_catala1.jpg 712w, http:\/\/xenopat.com\/wp-content\/uploads\/2020\/03\/Tumors_catala1-300x177.jpg 300w\" sizes=\"(max-width: 712px) 100vw, 712px\" \/>\t\t\t\t\t\t\t\t\t\t\t\t\t<\/div>\n\t\t\t\t<\/div>\n\t\t\t\t<div class=\"elementor-element elementor-element-5bf829e elementor-widget elementor-widget-text-editor\" data-id=\"5bf829e\" data-element_type=\"widget\" data-widget_type=\"text-editor.default\">\n\t\t\t\t<div class=\"elementor-widget-container\">\n\t\t\t\t\t\t\t<p>Degut a les seves caracter\u00edstiques, els othoxenografts\u00ae s\u00f3n les millors eines disponibles per a:<\/p><p>\u00a0<\/p><ul><li>Externalitzar les fases precl\u00edniques del desenvolupament de nous f\u00e0rmacs antitumorals.<\/li><li>Processos<i>\u00a0Target Product Profile.<\/i><\/li><li>Realitzar estudis co-clinics (assajos en humans i ratolins), gr\u00e0cies a la creaci\u00f3 d\u2019orthoxenografts\u00ae derivats dels participants en els assajos cl\u00ednics.<\/li><\/ul>\t\t\t\t\t\t<\/div>\n\t\t\t\t<\/div>\n\t\t\t\t\t<\/div>\n\t\t<\/div>\n\t\t\t\t<div class=\"elementor-column elementor-col-33 elementor-top-column elementor-element elementor-element-133827f\" data-id=\"133827f\" data-element_type=\"column\">\n\t\t\t<div class=\"elementor-widget-wrap elementor-element-populated\">\n\t\t\t\t\t\t<div class=\"elementor-element elementor-element-d35ca56 elementor-widget elementor-widget-global elementor-global-711 elementor-widget-wp-widget-nav_menu\" data-id=\"d35ca56\" data-element_type=\"widget\" data-widget_type=\"wp-widget-nav_menu.default\">\n\t\t\t\t<div class=\"elementor-widget-container\">\n\t\t\t<h5>Serveis Precl\u00ednics Avan\u00e7ats<\/h5><div class=\"menu-advanced-preclinical-services-catalan-container\"><ul id=\"menu-advanced-preclinical-services-catalan\" class=\"menu\"><li id=\"menu-item-280\" class=\"menu-item menu-item-type-post_type menu-item-object-page menu-item-280\"><a href=\"http:\/\/xenopat.com\/ca\/serveis-preclinics-avancats\/\">Introducci\u00f3<\/a><\/li>\n<li id=\"menu-item-321\" class=\"menu-item menu-item-type-post_type menu-item-object-page menu-item-321\"><a href=\"http:\/\/xenopat.com\/ca\/serveis-preclinics-avancats\/orthoxenografts\/\">Orthoxenografts\u00ae<\/a><\/li>\n<li id=\"menu-item-281\" class=\"menu-item menu-item-type-post_type menu-item-object-page menu-item-281\"><a href=\"http:\/\/xenopat.com\/ca\/serveis-preclinics-avancats\/orthoxenobank\/\">OrthoXenoBank\u00ae<\/a><\/li>\n<li id=\"menu-item-282\" class=\"menu-item menu-item-type-post_type menu-item-object-page menu-item-282\"><a href=\"http:\/\/xenopat.com\/ca\/serveis-preclinics-avancats\/bibliography\/\">Bibliografia<\/a><\/li>\n<\/ul><\/div>\t\t<\/div>\n\t\t\t\t<\/div>\n\t\t\t\t<div class=\"elementor-element elementor-element-6f2660a elementor-widget elementor-widget-global elementor-global-714 elementor-widget-text-editor\" data-id=\"6f2660a\" data-element_type=\"widget\" data-widget_type=\"text-editor.default\">\n\t\t\t\t<div class=\"elementor-widget-container\">\n\t\t\t\t\t\t\t<h5>Contacte<\/h5><p><a href=\"http:\/\/xenopat.com\/?p=11860\" target=\"_blank\" rel=\"noopener\">Contacti<\/a>\u00a0avui amb l&#8217;equip de Xenopat per saber m\u00e9s sobre els Serveis Precl\u00ednics Avan\u00e7ats.<\/p>\t\t\t\t\t\t<\/div>\n\t\t\t\t<\/div>\n\t\t\t\t\t<\/div>\n\t\t<\/div>\n\t\t\t\t\t<\/div>\n\t\t<\/section>\n\t\t\t\t<\/div>\n\t\t","protected":false},"excerpt":{"rendered":"<p>Orthoxenografts\u00ae Els orthoxenografts\u00ae s\u00f3n models experimentals murins en els quals s\u2019implanta un petit fragment de tumor hum\u00e0 (xenograft, implantaci\u00f3 d\u2019una esp\u00e8cie a una altra) en el mateix lloc d\u2019origen (ortot\u00f2pic). Es tracta doncs de xenografts ortot\u00f2pics derivats de pacient (Patient-Derived Orthotopic Xenografts,\u00a0PDOXs). Xenopat ha desenvolupat el coneixement per a poder implantar tumors en una finestra [&hellip;]<\/p>\n","protected":false},"author":1,"featured_media":0,"parent":267,"menu_order":0,"comment_status":"closed","ping_status":"closed","template":"","meta":{"footnotes":""},"class_list":["post-300","page","type-page","status-publish","hentry"],"yoast_head":"<!-- This site is optimized with the Yoast SEO plugin v23.1 - https:\/\/yoast.com\/wordpress\/plugins\/seo\/ -->\n<title>Orthoxenografts\u00ae - Xenopat<\/title>\n<meta name=\"robots\" content=\"index, follow, max-snippet:-1, max-image-preview:large, max-video-preview:-1\" \/>\n<link rel=\"canonical\" href=\"http:\/\/xenopat.com\/ca\/serveis-preclinics-avancats\/orthoxenografts\/\" \/>\n<meta property=\"og:locale\" content=\"ca_ES\" \/>\n<meta property=\"og:type\" content=\"article\" \/>\n<meta property=\"og:title\" content=\"Orthoxenografts\u00ae - Xenopat\" \/>\n<meta property=\"og:description\" content=\"Orthoxenografts\u00ae Els orthoxenografts\u00ae s\u00f3n models experimentals murins en els quals s\u2019implanta un petit fragment de tumor hum\u00e0 (xenograft, implantaci\u00f3 d\u2019una esp\u00e8cie a una altra) en el mateix lloc d\u2019origen (ortot\u00f2pic). Es tracta doncs de xenografts ortot\u00f2pics derivats de pacient (Patient-Derived Orthotopic Xenografts,\u00a0PDOXs). Xenopat ha desenvolupat el coneixement per a poder implantar tumors en una finestra [&hellip;]\" \/>\n<meta property=\"og:url\" content=\"http:\/\/xenopat.com\/ca\/serveis-preclinics-avancats\/orthoxenografts\/\" \/>\n<meta property=\"og:site_name\" content=\"Xenopat\" \/>\n<meta property=\"article:modified_time\" content=\"2020-04-02T10:05:29+00:00\" \/>\n<meta property=\"og:image\" content=\"http:\/\/xenopat.com\/wp-content\/uploads\/2020\/03\/Preclinica_catala.jpg\" \/>\n<meta name=\"twitter:card\" content=\"summary_large_image\" \/>\n<meta name=\"twitter:label1\" content=\"Temps estimat de lectura\" \/>\n\t<meta name=\"twitter:data1\" content=\"1 minut\" \/>\n<script type=\"application\/ld+json\" class=\"yoast-schema-graph\">{\"@context\":\"https:\/\/schema.org\",\"@graph\":[{\"@type\":\"WebPage\",\"@id\":\"http:\/\/xenopat.com\/ca\/serveis-preclinics-avancats\/orthoxenografts\/\",\"url\":\"http:\/\/xenopat.com\/ca\/serveis-preclinics-avancats\/orthoxenografts\/\",\"name\":\"Orthoxenografts\u00ae - Xenopat\",\"isPartOf\":{\"@id\":\"http:\/\/xenopat.com\/#website\"},\"primaryImageOfPage\":{\"@id\":\"http:\/\/xenopat.com\/ca\/serveis-preclinics-avancats\/orthoxenografts\/#primaryimage\"},\"image\":{\"@id\":\"http:\/\/xenopat.com\/ca\/serveis-preclinics-avancats\/orthoxenografts\/#primaryimage\"},\"thumbnailUrl\":\"http:\/\/xenopat.com\/wp-content\/uploads\/2020\/03\/Preclinica_catala.jpg\",\"datePublished\":\"2020-03-10T14:18:02+00:00\",\"dateModified\":\"2020-04-02T10:05:29+00:00\",\"breadcrumb\":{\"@id\":\"http:\/\/xenopat.com\/ca\/serveis-preclinics-avancats\/orthoxenografts\/#breadcrumb\"},\"inLanguage\":\"ca\",\"potentialAction\":[{\"@type\":\"ReadAction\",\"target\":[\"http:\/\/xenopat.com\/ca\/serveis-preclinics-avancats\/orthoxenografts\/\"]}]},{\"@type\":\"ImageObject\",\"inLanguage\":\"ca\",\"@id\":\"http:\/\/xenopat.com\/ca\/serveis-preclinics-avancats\/orthoxenografts\/#primaryimage\",\"url\":\"http:\/\/xenopat.com\/wp-content\/uploads\/2020\/03\/Preclinica_catala.jpg\",\"contentUrl\":\"http:\/\/xenopat.com\/wp-content\/uploads\/2020\/03\/Preclinica_catala.jpg\"},{\"@type\":\"BreadcrumbList\",\"@id\":\"http:\/\/xenopat.com\/ca\/serveis-preclinics-avancats\/orthoxenografts\/#breadcrumb\",\"itemListElement\":[{\"@type\":\"ListItem\",\"position\":1,\"name\":\"Home\",\"item\":\"http:\/\/xenopat.com\/\"},{\"@type\":\"ListItem\",\"position\":2,\"name\":\"Serveis Precl\u00ednics Avan\u00e7ats\",\"item\":\"http:\/\/xenopat.com\/ca\/serveis-preclinics-avancats\/\"},{\"@type\":\"ListItem\",\"position\":3,\"name\":\"Orthoxenografts\u00ae\"}]},{\"@type\":\"WebSite\",\"@id\":\"http:\/\/xenopat.com\/#website\",\"url\":\"http:\/\/xenopat.com\/\",\"name\":\"Xenopat\",\"description\":\"The latest scientific findings at the service of the fight against cancer\",\"publisher\":{\"@id\":\"http:\/\/xenopat.com\/#organization\"},\"potentialAction\":[{\"@type\":\"SearchAction\",\"target\":{\"@type\":\"EntryPoint\",\"urlTemplate\":\"http:\/\/xenopat.com\/?s={search_term_string}\"},\"query-input\":\"required name=search_term_string\"}],\"inLanguage\":\"ca\"},{\"@type\":\"Organization\",\"@id\":\"http:\/\/xenopat.com\/#organization\",\"name\":\"Xenopat\",\"url\":\"http:\/\/xenopat.com\/\",\"logo\":{\"@type\":\"ImageObject\",\"inLanguage\":\"ca\",\"@id\":\"http:\/\/xenopat.com\/#\/schema\/logo\/image\/\",\"url\":\"http:\/\/xenopat.com\/wp-content\/uploads\/2020\/03\/cropped-xenopat_normal.png\",\"contentUrl\":\"http:\/\/xenopat.com\/wp-content\/uploads\/2020\/03\/cropped-xenopat_normal.png\",\"width\":141,\"height\":23,\"caption\":\"Xenopat\"},\"image\":{\"@id\":\"http:\/\/xenopat.com\/#\/schema\/logo\/image\/\"}}]}<\/script>\n<!-- \/ Yoast SEO plugin. -->","yoast_head_json":{"title":"Orthoxenografts\u00ae - Xenopat","robots":{"index":"index","follow":"follow","max-snippet":"max-snippet:-1","max-image-preview":"max-image-preview:large","max-video-preview":"max-video-preview:-1"},"canonical":"http:\/\/xenopat.com\/ca\/serveis-preclinics-avancats\/orthoxenografts\/","og_locale":"ca_ES","og_type":"article","og_title":"Orthoxenografts\u00ae - Xenopat","og_description":"Orthoxenografts\u00ae Els orthoxenografts\u00ae s\u00f3n models experimentals murins en els quals s\u2019implanta un petit fragment de tumor hum\u00e0 (xenograft, implantaci\u00f3 d\u2019una esp\u00e8cie a una altra) en el mateix lloc d\u2019origen (ortot\u00f2pic). Es tracta doncs de xenografts ortot\u00f2pics derivats de pacient (Patient-Derived Orthotopic Xenografts,\u00a0PDOXs). Xenopat ha desenvolupat el coneixement per a poder implantar tumors en una finestra [&hellip;]","og_url":"http:\/\/xenopat.com\/ca\/serveis-preclinics-avancats\/orthoxenografts\/","og_site_name":"Xenopat","article_modified_time":"2020-04-02T10:05:29+00:00","og_image":[{"url":"http:\/\/xenopat.com\/wp-content\/uploads\/2020\/03\/Preclinica_catala.jpg"}],"twitter_card":"summary_large_image","twitter_misc":{"Temps estimat de lectura":"1 minut"},"schema":{"@context":"https:\/\/schema.org","@graph":[{"@type":"WebPage","@id":"http:\/\/xenopat.com\/ca\/serveis-preclinics-avancats\/orthoxenografts\/","url":"http:\/\/xenopat.com\/ca\/serveis-preclinics-avancats\/orthoxenografts\/","name":"Orthoxenografts\u00ae - Xenopat","isPartOf":{"@id":"http:\/\/xenopat.com\/#website"},"primaryImageOfPage":{"@id":"http:\/\/xenopat.com\/ca\/serveis-preclinics-avancats\/orthoxenografts\/#primaryimage"},"image":{"@id":"http:\/\/xenopat.com\/ca\/serveis-preclinics-avancats\/orthoxenografts\/#primaryimage"},"thumbnailUrl":"http:\/\/xenopat.com\/wp-content\/uploads\/2020\/03\/Preclinica_catala.jpg","datePublished":"2020-03-10T14:18:02+00:00","dateModified":"2020-04-02T10:05:29+00:00","breadcrumb":{"@id":"http:\/\/xenopat.com\/ca\/serveis-preclinics-avancats\/orthoxenografts\/#breadcrumb"},"inLanguage":"ca","potentialAction":[{"@type":"ReadAction","target":["http:\/\/xenopat.com\/ca\/serveis-preclinics-avancats\/orthoxenografts\/"]}]},{"@type":"ImageObject","inLanguage":"ca","@id":"http:\/\/xenopat.com\/ca\/serveis-preclinics-avancats\/orthoxenografts\/#primaryimage","url":"http:\/\/xenopat.com\/wp-content\/uploads\/2020\/03\/Preclinica_catala.jpg","contentUrl":"http:\/\/xenopat.com\/wp-content\/uploads\/2020\/03\/Preclinica_catala.jpg"},{"@type":"BreadcrumbList","@id":"http:\/\/xenopat.com\/ca\/serveis-preclinics-avancats\/orthoxenografts\/#breadcrumb","itemListElement":[{"@type":"ListItem","position":1,"name":"Home","item":"http:\/\/xenopat.com\/"},{"@type":"ListItem","position":2,"name":"Serveis Precl\u00ednics Avan\u00e7ats","item":"http:\/\/xenopat.com\/ca\/serveis-preclinics-avancats\/"},{"@type":"ListItem","position":3,"name":"Orthoxenografts\u00ae"}]},{"@type":"WebSite","@id":"http:\/\/xenopat.com\/#website","url":"http:\/\/xenopat.com\/","name":"Xenopat","description":"The latest scientific findings at the service of the fight against cancer","publisher":{"@id":"http:\/\/xenopat.com\/#organization"},"potentialAction":[{"@type":"SearchAction","target":{"@type":"EntryPoint","urlTemplate":"http:\/\/xenopat.com\/?s={search_term_string}"},"query-input":"required name=search_term_string"}],"inLanguage":"ca"},{"@type":"Organization","@id":"http:\/\/xenopat.com\/#organization","name":"Xenopat","url":"http:\/\/xenopat.com\/","logo":{"@type":"ImageObject","inLanguage":"ca","@id":"http:\/\/xenopat.com\/#\/schema\/logo\/image\/","url":"http:\/\/xenopat.com\/wp-content\/uploads\/2020\/03\/cropped-xenopat_normal.png","contentUrl":"http:\/\/xenopat.com\/wp-content\/uploads\/2020\/03\/cropped-xenopat_normal.png","width":141,"height":23,"caption":"Xenopat"},"image":{"@id":"http:\/\/xenopat.com\/#\/schema\/logo\/image\/"}}]}},"_links":{"self":[{"href":"http:\/\/xenopat.com\/ca\/wp-json\/wp\/v2\/pages\/300"}],"collection":[{"href":"http:\/\/xenopat.com\/ca\/wp-json\/wp\/v2\/pages"}],"about":[{"href":"http:\/\/xenopat.com\/ca\/wp-json\/wp\/v2\/types\/page"}],"author":[{"embeddable":true,"href":"http:\/\/xenopat.com\/ca\/wp-json\/wp\/v2\/users\/1"}],"replies":[{"embeddable":true,"href":"http:\/\/xenopat.com\/ca\/wp-json\/wp\/v2\/comments?post=300"}],"version-history":[{"count":11,"href":"http:\/\/xenopat.com\/ca\/wp-json\/wp\/v2\/pages\/300\/revisions"}],"predecessor-version":[{"id":917,"href":"http:\/\/xenopat.com\/ca\/wp-json\/wp\/v2\/pages\/300\/revisions\/917"}],"up":[{"embeddable":true,"href":"http:\/\/xenopat.com\/ca\/wp-json\/wp\/v2\/pages\/267"}],"wp:attachment":[{"href":"http:\/\/xenopat.com\/ca\/wp-json\/wp\/v2\/media?parent=300"}],"curies":[{"name":"wp","href":"https:\/\/api.w.org\/{rel}","templated":true}]}}