{"id":308,"date":"2020-03-10T14:19:30","date_gmt":"2020-03-10T14:19:30","guid":{"rendered":"http:\/\/xenopat.com\/personalized-cancer-treatment\/faqs\/"},"modified":"2020-04-02T10:07:00","modified_gmt":"2020-04-02T10:07:00","slug":"preguntes-frequents","status":"publish","type":"page","link":"http:\/\/xenopat.com\/ca\/tractament-oncologic-personalitzat\/preguntes-frequents\/","title":{"rendered":"Preguntes freq\u00fcents"},"content":{"rendered":"\t\t<div data-elementor-type=\"wp-page\" data-elementor-id=\"308\" class=\"elementor elementor-308 elementor-133\" data-elementor-post-type=\"page\">\n\t\t\t\t\t\t<section class=\"elementor-section elementor-top-section elementor-element elementor-element-6f0afefe elementor-section-height-min-height elementor-section-boxed elementor-section-height-default elementor-section-items-middle\" data-id=\"6f0afefe\" data-element_type=\"section\" data-settings=\"{&quot;background_background&quot;:&quot;classic&quot;}\">\n\t\t\t\t\t\t\t<div class=\"elementor-background-overlay\"><\/div>\n\t\t\t\t\t\t\t<div class=\"elementor-container elementor-column-gap-default\">\n\t\t\t\t\t<div class=\"elementor-column elementor-col-100 elementor-top-column elementor-element elementor-element-6bf08548\" data-id=\"6bf08548\" data-element_type=\"column\">\n\t\t\t<div class=\"elementor-widget-wrap elementor-element-populated\">\n\t\t\t\t\t\t<div class=\"elementor-element elementor-element-5afe67d9 elementor-widget elementor-widget-heading\" data-id=\"5afe67d9\" data-element_type=\"widget\" data-widget_type=\"heading.default\">\n\t\t\t\t<div class=\"elementor-widget-container\">\n\t\t\t<h1 class=\"elementor-heading-title elementor-size-default\">Preguntes freq\u00fcents<\/h1>\t\t<\/div>\n\t\t\t\t<\/div>\n\t\t\t\t\t<\/div>\n\t\t<\/div>\n\t\t\t\t\t<\/div>\n\t\t<\/section>\n\t\t\t\t<section class=\"elementor-section elementor-top-section elementor-element elementor-element-711f0ac elementor-section-boxed elementor-section-height-default elementor-section-height-default\" data-id=\"711f0ac\" data-element_type=\"section\">\n\t\t\t\t\t\t<div class=\"elementor-container elementor-column-gap-default\">\n\t\t\t\t\t<div class=\"elementor-column elementor-col-66 elementor-top-column elementor-element elementor-element-be935ca\" data-id=\"be935ca\" data-element_type=\"column\">\n\t\t\t<div class=\"elementor-widget-wrap elementor-element-populated\">\n\t\t\t\t\t\t<div class=\"elementor-element elementor-element-7e5f93b elementor-widget elementor-widget-text-editor\" data-id=\"7e5f93b\" data-element_type=\"widget\" data-widget_type=\"text-editor.default\">\n\t\t\t\t<div class=\"elementor-widget-container\">\n\t\t\t\t\t\t\t<h5>Qu\u00e8 \u00e9s un xenograft?<\/h5><p>Xenograft, (xenos- del grec \u201cestranger\u201d), \u00e9s la implantaci\u00f3 de c\u00e8l\u00b7lules vives, teixits o \u00f2rgans, d\u2019una esp\u00e8cie a una altra. En el cas de Xenopat, implantem petits fragments de tumor hum\u00e0 en ratolins.<\/p><p>\u00a0<\/p><h5>Qu\u00e8 vol dir implantaci\u00f3 ortot\u00f2pica? Per qu\u00e8 \u00e9s important?<\/h5><p>Implantaci\u00f3 ortot\u00f2pica vol dir en la seva localitzaci\u00f3 natural. En el cas de Xenopat, implantem fragments del tumor del pacient en el mateix \u00f2rgan d\u2019origen. Gr\u00e0cies a la implantaci\u00f3 ortot\u00f2pica, els efectes de l\u2019entorn sobre el creixement i desenvolupament del tumor s\u00f3n els mateixos que si aquest es trob\u00e9s en el seu lloc d\u2019origen. La implantaci\u00f3 ortot\u00f2pica \u00e9s clau per obtenir la millor correlaci\u00f3 en la resposta als tractaments entre l\u2019orthoxenograft\u00ae i el pacient.<\/p><p>\u00a0<\/p><h5>Qu\u00e8 \u00e9s un orthoxenograft\u00ae?<\/h5><p>Els orthoxenografts\u00ae s\u00f3n models de ratol\u00ed en els quals s\u2019implanta un petit fragment de tumor hum\u00e0 (xenograft) en el mateix \u00f2rgan d\u2019origen (ortot\u00f2picament). Parlem de xenografts derivats de pacient (<em>Patient-Derived Xenografts, PDXs<\/em>) ortot\u00f2pics. Xenopat ofereix la possibilitat d\u2019implantar un petit fragment del tumor del pacient en el mateix \u00f2rgan d\u2019origen d\u2019un ratol\u00ed, generant aix\u00ed el seu propi orthoxenograft\u00ae. Els orthoxenografts\u00ae s\u00f3n eines clau per a realitzar un Tractament Oncol\u00f2gic Personalitzat basat en evid\u00e8ncies cient\u00edfiques.<\/p><p>\u00a0<\/p><h5>Per qu\u00e8 necessito un orthoxenograft\u00ae?<\/h5><p>Els orthoxenografts\u00ae s\u00f3n eines clau per a realitzar un Tractament Oncol\u00f2gic Personalitzat basat en evid\u00e8ncies cient\u00edfiques.<\/p><p>\u00a0<\/p><p>Si vost\u00e8 es troba en tractament quimioterap\u00e8utic, poden donar-se dues situacions:<\/p><p>\u00a0<\/p><p>1) El seu tumor respon a la quimioter\u00e0pia. En aquest cas la seva col\u00f2nia d\u2019orthoxenograft\u00ae s\u2019utilitzar\u00e0 per avan\u00e7ar-se a un possible cas de recaiguda. La col\u00f2nia d\u2019orthoxenograft\u00ae ser\u00e0 tractada amb la mateixa quimioter\u00e0pia que vost\u00e8. Si els tumors reapareixen en els ratolins, la col\u00f2nia es dividir\u00e0 en subpoblacions que seran tractades amb diferents f\u00e0rmacs.<\/p><p>\u00a0<\/p><p>2) El seu tumor no respon a la quimioter\u00e0pia. Si el seu tumor \u00e9s refractari a la quimioter\u00e0pia, la seva col\u00f2nia d\u2019orthoxenograft\u00ae s\u2019usar\u00e0 per sugerir en millor tractament en el seu cas. La col\u00f2nia ser\u00e0 tractada seguint la mateixa quimioter\u00e0pia que vost\u00e8 i tot seguit la col\u00f2nia es dividir\u00e0 en subpoblacions en les quals s\u2019assajaran les diverses alternatives terap\u00e8utiques.<\/p><p>\u00a0<\/p><p>En ambd\u00f3s casos, i sempre en estreta cooperaci\u00f3 amb el seu onc\u00f2leg, s\u2019assajar\u00e0 un ampli ventall de tractaments. La sel\u00b7lecci\u00f3 dels tractaments es basar\u00e0 en diferents criteris: f\u00e0rmacs disponibles al mercat o en assaig cl\u00ednic obert, caracter\u00edstiques gen\u00e8tiques i histol\u00f2giques del tumor, entre d\u2019altres. Les alternatives terap\u00e8utiques sel\u00b7leccionades s\u2019assajaran en diferents subpoblacions de la col\u00f2nia d\u2019orthoxenograft\u00ae. Aquest procediment permetr\u00e0 a Xenopat trobar la millor alternativa terap\u00e8utica per a cada pacient, basant-se en evid\u00e8ncies cient\u00edfiques. Els resultats es comunicaran mitjan\u00e7ant un antiquimiograma.<\/p><p>\u00a0<\/p><h5>Si actualment el meu tumor respon a la quimioter\u00e0pia, necessito un orthoxenograft\u00ae?<\/h5><p>Si. Encara que actualment el seu tumor respongui a la quimioter\u00e0pia, pot ser que en un futur el seu tumor adquireixi resist\u00e8ncia al tractament. Al generar un orthoxenograft\u00ae ara, vost\u00e8 s\u2019estar\u00e0 anticipant a un possible cas de recaiguda, que lamentablement \u00e9s el causant de molts fracassos en els casos cl\u00ednics. Xenopat generar\u00e0 un orthoxenograft\u00ae resistent del seu tumor\u00a0<i>ex vivo<\/i>, \u00e9s a dir, en el ratol\u00ed. La seva col\u00f2nia d\u2019orthoxenograft\u00ae ser\u00e0 tractada amb la mateixa quimioter\u00e0pia que vost\u00e8. Si el tumor recreix en els ratolins, diverses subpoblacions de la col\u00f2nia d\u2019orthoxenograft\u00ae seran tractades amb diferents alternatives quimioterap\u00e8utiques. Els resultats obtinguts es comunicaran mitjan\u00e7ant un antiquimiograma. L\u2019avantatge \u00e9s que no cal que vost\u00e8 esperi fins que el seu tumor recreixi. Xenopat pot anticipar-se a aquest proc\u00e9s, guanyant un temps que pot ser clau. A m\u00e9s a m\u00e9s d\u2019avan\u00e7ar-se a possibles casos de recaiguda, tamb\u00e9 s\u2019evitar\u00e0 complicacions a l\u2019hora d\u2019obtenir una biopsia si el tumor recreix.<\/p><p>\u00a0<\/p><h5>Si el meu tumor ja \u00e9s resistent a la quimioter\u00e0pia, necessito un orthoxenograft\u00ae?<\/h5><p>Si. Un tumor resistent \u00e9s aquell que no respon a la quimioter\u00e0pia, encara que el pacient estigui en tractament el tumor segueix creixent. Les c\u00e8l\u00b7lules refract\u00e0ries a la quimioter\u00e0pia s\u00f3n c\u00e8l\u00b7lules que han adquirit la capacitat de cr\u00e9ixer incl\u00fas en les condicions de quimioter\u00e0pia i per tant les anomenem c\u00e8l\u00b7lules resistents. Aquests tumors refractaris s\u00f3n completament diferents al tumor primari original, doncs han sel\u00b7leccionat les c\u00e8l\u00b7lules resistents. No t\u00e9 cap sentit seguir amb la quimoter\u00e0pia actual i \u00e9s necessari buscar una alternativa terap\u00e8utica. Xenopat generar\u00e0 una col\u00f2nia d\u2019orthoxenograft\u00ae i la dividir\u00e0 en subpoblacions que seran tractades amb diferents alternatives terap\u00e8utiques. Aquest procediment permetr\u00e0 a Xenopat trobar la millor alternativa tera\u00e8utica disponible per a cada pacient. Els resultats obtinguts es comunicaran mitjan\u00e7ant un antiquimiograma.<\/p><p>\u00a0<\/p><h5>Quins tractaments s\u2019assajaran a la meva col\u00f2nia d\u2019orthoxenograft\u00ae?<\/h5><p>Els tractaments i combinacions de tractaments a provar en les subpoblacions de la col\u00f2nia d\u2019orthoxenograft\u00ae es discutiran i evaluaran amb l\u2019onc\u00f2leg de cada pacient. Xenopat nom\u00e9s provar\u00e0 tractaments que siguin comercials o que es trobin disponibles en assajos cl\u00ednics oberts. La sel\u00b7lecci\u00f3 dels tractaments es far\u00e0 en base a diversos criteris: disponibilitat del f\u00e0rmac, caracter\u00edstiques gen\u00e8tiques del tumor i histologia, entre d\u2019altres.<\/p><p>\u00a0<\/p><h5>Qu\u00e8 \u00e9s un antiquimiograma?<\/h5><p>L\u2019antiquimiograma \u00e9s un document que plasma tots els resultats obtinguts dels tractaments de les diverses subpoblacions de la col\u00f2nia d\u2019orthoxenograft\u00ae. L\u2019antiquimiograma informa de les millors alternatives terap\u00e8utiques observades en la col\u00f2nia d\u2019orthoxenografts\u00ae i suggereix un Tractament Oncol\u00f2gic Personalitzat basat en evid\u00e8ncies cient\u00edfiques.<\/p><p>\u00a0<\/p><h5>En total, quant es tarda a realitzar un proc\u00e9s de Tractament Oncol\u00f2gic Personalitzat, des de la implantaci\u00f3 del tumor fins a l\u2019obtenci\u00f3 de l\u2019antiquimiograma?<\/h5><p>El proc\u00e9s de Tractament Oncol\u00f2gic Personalitzat, des de la implantaci\u00f3 del tumor a l\u2019obtenci\u00f3 de l\u2019antiquimiograma, dura de mitja de 4 a 8 mesos, depenent del tipus tumoral i de les caracter\u00edstiques intr\u00ednseques de cada tumor.<\/p><p>\u00a0<\/p><h5>Com s\u2019obtindr\u00e0 la meva mostra de tumor?<\/h5><p>Els tumors han de ser implantats just despr\u00e9s de la cirurgia. Xenopat \u00e9s capa\u00e7 d\u2019implantar els tumors en un marge de 24 hores post-cirurgia. Per tal de ser aptes per a la seva implantaci\u00f3, els tumors han de ser preservats en un medi espec\u00edfic posteriorment a la cirurgia. L\u2019equip de Xenopat es posar\u00e0 en contacte amb el seu equip quir\u00fargic per planificar tots els detalls de conservaci\u00f3 i transport del tumor al nostre centre.<\/p><p>\u00a0<\/p><p>Com que nom\u00e9s cal un petit fragment de tumor, si no es realitza una cirurgia, la mostra de tumor pot ser obtinguda a trav\u00e9s d\u2019una bi\u00f2psia. L\u2019equip de Xenopat\u00a0es posar\u00e0 en contacte amb el seu equip de bi\u00f2psia per planificar tots els detalls de conservaci\u00f3 i transport del tumor al nostre centre.<\/p><p>\u00a0<\/p><h5>\u00c9s necessari realitzar la cirurgia en un hospital determinat?<\/h5><p>No. Vost\u00e8 pot realitzar la seva operaci\u00f3 en l\u2019hospital que vost\u00e8 prefereixi. Per tal de poder implantar el tumor amb garanties d\u2019\u00e8xit, ser\u00e0 necessari que el tumor arribi a les oficines de Xenopat en una finestra de 24 hores passada l\u2019operaci\u00f3. L\u2019equip de Xenopat\u00a0es posar\u00e0 en contacte amb el seu equip quir\u00fargic per planificar tots els detalls de conservaci\u00f3 i transport del tumor al nostre centre.<\/p><p>\u00a0<\/p><h5>Tots els tumors s\u00f3n bons per implantar? Creixen tots els tumors un cop implantats?<\/h5><p>Nom\u00e9s \u00e9s necess\u00e0ria una petita quantitat del tumor per tal de poder-lo implantar. Si s\u2019obt\u00e9 aquesta quantitat, Xenopat pot implantar-la. Malauradament, no tots els tumors creixen un cop implantats en el ratol\u00ed. Les nostres taxes d\u2019\u00e8xit s\u00f3n del 70-75% depenent del tipus de tumor i del volum inicial del fragment a implantar. En el cas que el tumor no creixi, Xenopat nom\u00e9s cobrar\u00e0 una petita quantitat pactada pr\u00e8viament, per cobrir les despeses generades.<\/p><p>\u00a0<\/p><h5>Quina \u00e9s la correlaci\u00f3 de la resposta als tractaments entre orthoxenografts\u00ae i pacients?<\/h5><p>Els orthoxenografts\u00ae s\u00f3n les eines cient\u00edfiques m\u00e9s avan\u00e7ades per predir la resposta del pacient al tractament de quimioter\u00e0pia.<\/p><p>\u00a0<\/p><h5>Qu\u00e8 passa en cas de recaiguda?<\/h5><p>En cas de recaiguda es poden estudiar noves alternatives terap\u00e8utiques. Si el pacient ho desitja, els tumors obtinguts a partir del seu orthoxenografts\u00ae es poden criopreservar. Els tumors criopreservats es poden reimplantar i generar una nova col\u00f2nia d\u2019orthoxenograft\u00ae. Aquesta col\u00f2nia nova ser\u00e0 tractada seguint el mateix patr\u00f3 de quimiotar\u00e0pia que el pacient. Arribat aquest moment, i sempre d\u2019acord amb l\u2019onc\u00f2leg del pacient, es sel\u00b7leccionar\u00e0 un nou conjunt de ter\u00e0pies a assajar en diferents subpoblacions de la nova col\u00f2nia d\u2019orthoxenograft\u00ae.<\/p><p>\u00a0<\/p><h5>Qu\u00e8 \u00e9s la criopreservaci\u00f3?<\/h5><p>La criopreservaci\u00f3 \u00e9s un proc\u00e9s mitjan\u00e7ant el qual els teixits\/tumors es conserven al llarg del temps. Aquesta conservaci\u00f3 s\u2019aconsegueix congelant els teixits, submergits en un medi adequat, en nitrogen l\u00edquid, assolint temperatures de -195 \u00baC. Els teixits criopreservats poden ser descongelats i tornats a cr\u00e9ixer. A Xenopat, la criopreservaci\u00f3 s\u2019utilitza per guardar els tumors dels pacients en cas de ser necessari reimplantar-los per poder assajar noves possibilitats davant d\u2019una recaiguda.<\/p><p>\u00a0<\/p><h5>Com puc obtenir m\u00e9s informaci\u00f3?<\/h5><p>No dubti en contactar-nos a\u00a0<a href=\"mailto:info@xenopat.com\">info@xenopat.com<\/a>. L\u2019equip de Xenopat est\u00e0 al seu servei per a respondre totes les seves preguntes i proporcionar-li qualsevol informaci\u00f3 que requereixi.<\/p>\t\t\t\t\t\t<\/div>\n\t\t\t\t<\/div>\n\t\t\t\t\t<\/div>\n\t\t<\/div>\n\t\t\t\t<div class=\"elementor-column elementor-col-33 elementor-top-column elementor-element elementor-element-11a847b\" data-id=\"11a847b\" data-element_type=\"column\">\n\t\t\t<div class=\"elementor-widget-wrap elementor-element-populated\">\n\t\t\t\t\t\t<div class=\"elementor-element elementor-element-1e12a00 elementor-widget elementor-widget-global elementor-global-723 elementor-widget-wp-widget-nav_menu\" data-id=\"1e12a00\" data-element_type=\"widget\" data-widget_type=\"wp-widget-nav_menu.default\">\n\t\t\t\t<div class=\"elementor-widget-container\">\n\t\t\t<h5>Tractament Oncol\u00f2gic Personalitzat<\/h5><div class=\"menu-personalized-cancer-treatment-catalan-container\"><ul id=\"menu-personalized-cancer-treatment-catalan\" class=\"menu\"><li id=\"menu-item-323\" class=\"menu-item menu-item-type-post_type menu-item-object-page menu-item-323\"><a href=\"http:\/\/xenopat.com\/ca\/tractament-oncologic-personalitzat\/\">Introducci\u00f3<\/a><\/li>\n<li id=\"menu-item-324\" class=\"menu-item menu-item-type-post_type menu-item-object-page menu-item-324\"><a href=\"http:\/\/xenopat.com\/ca\/tractament-oncologic-personalitzat\/orthoxenografts\/\">Orthoxenografts\u00ae<\/a><\/li>\n<li id=\"menu-item-325\" class=\"menu-item menu-item-type-post_type menu-item-object-page menu-item-325\"><a href=\"http:\/\/xenopat.com\/ca\/tractament-oncologic-personalitzat\/preguntes-frequents\/\">Preguntes freq\u00fcents<\/a><\/li>\n<\/ul><\/div>\t\t<\/div>\n\t\t\t\t<\/div>\n\t\t\t\t<div class=\"elementor-element elementor-element-f8c1681 elementor-widget elementor-widget-global elementor-global-714 elementor-widget-text-editor\" data-id=\"f8c1681\" data-element_type=\"widget\" data-widget_type=\"text-editor.default\">\n\t\t\t\t<div class=\"elementor-widget-container\">\n\t\t\t\t\t\t\t<h5>Contacte<\/h5><p><a href=\"http:\/\/xenopat.com\/?p=11860\" target=\"_blank\" rel=\"noopener\">Contacti<\/a>\u00a0avui amb l&#8217;equip de Xenopat per saber m\u00e9s sobre els Serveis Precl\u00ednics Avan\u00e7ats.<\/p>\t\t\t\t\t\t<\/div>\n\t\t\t\t<\/div>\n\t\t\t\t\t<\/div>\n\t\t<\/div>\n\t\t\t\t\t<\/div>\n\t\t<\/section>\n\t\t\t\t<\/div>\n\t\t","protected":false},"excerpt":{"rendered":"<p>Preguntes freq\u00fcents Qu\u00e8 \u00e9s un xenograft? Xenograft, (xenos- del grec \u201cestranger\u201d), \u00e9s la implantaci\u00f3 de c\u00e8l\u00b7lules vives, teixits o \u00f2rgans, d\u2019una esp\u00e8cie a una altra. En el cas de Xenopat, implantem petits fragments de tumor hum\u00e0 en ratolins. \u00a0 Qu\u00e8 vol dir implantaci\u00f3 ortot\u00f2pica? Per qu\u00e8 \u00e9s important? Implantaci\u00f3 ortot\u00f2pica vol dir en la seva [&hellip;]<\/p>\n","protected":false},"author":1,"featured_media":0,"parent":304,"menu_order":0,"comment_status":"closed","ping_status":"closed","template":"","meta":{"footnotes":""},"class_list":["post-308","page","type-page","status-publish","hentry"],"yoast_head":"<!-- This site is optimized with the Yoast SEO plugin v23.1 - https:\/\/yoast.com\/wordpress\/plugins\/seo\/ -->\n<title>Preguntes freq\u00fcents - Xenopat<\/title>\n<meta name=\"robots\" content=\"index, follow, max-snippet:-1, max-image-preview:large, max-video-preview:-1\" \/>\n<link rel=\"canonical\" href=\"http:\/\/xenopat.com\/ca\/tractament-oncologic-personalitzat\/preguntes-frequents\/\" \/>\n<meta property=\"og:locale\" content=\"ca_ES\" \/>\n<meta property=\"og:type\" content=\"article\" \/>\n<meta property=\"og:title\" content=\"Preguntes freq\u00fcents - Xenopat\" \/>\n<meta property=\"og:description\" content=\"Preguntes freq\u00fcents Qu\u00e8 \u00e9s un xenograft? Xenograft, (xenos- del grec \u201cestranger\u201d), \u00e9s la implantaci\u00f3 de c\u00e8l\u00b7lules vives, teixits o \u00f2rgans, d\u2019una esp\u00e8cie a una altra. En el cas de Xenopat, implantem petits fragments de tumor hum\u00e0 en ratolins. \u00a0 Qu\u00e8 vol dir implantaci\u00f3 ortot\u00f2pica? Per qu\u00e8 \u00e9s important? Implantaci\u00f3 ortot\u00f2pica vol dir en la seva [&hellip;]\" \/>\n<meta property=\"og:url\" content=\"http:\/\/xenopat.com\/ca\/tractament-oncologic-personalitzat\/preguntes-frequents\/\" \/>\n<meta property=\"og:site_name\" content=\"Xenopat\" \/>\n<meta property=\"article:modified_time\" content=\"2020-04-02T10:07:00+00:00\" \/>\n<meta name=\"twitter:card\" content=\"summary_large_image\" \/>\n<meta name=\"twitter:label1\" content=\"Temps estimat de lectura\" \/>\n\t<meta name=\"twitter:data1\" content=\"8 minuts\" \/>\n<script type=\"application\/ld+json\" class=\"yoast-schema-graph\">{\"@context\":\"https:\/\/schema.org\",\"@graph\":[{\"@type\":\"WebPage\",\"@id\":\"http:\/\/xenopat.com\/ca\/tractament-oncologic-personalitzat\/preguntes-frequents\/\",\"url\":\"http:\/\/xenopat.com\/ca\/tractament-oncologic-personalitzat\/preguntes-frequents\/\",\"name\":\"Preguntes freq\u00fcents - Xenopat\",\"isPartOf\":{\"@id\":\"http:\/\/xenopat.com\/#website\"},\"datePublished\":\"2020-03-10T14:19:30+00:00\",\"dateModified\":\"2020-04-02T10:07:00+00:00\",\"breadcrumb\":{\"@id\":\"http:\/\/xenopat.com\/ca\/tractament-oncologic-personalitzat\/preguntes-frequents\/#breadcrumb\"},\"inLanguage\":\"ca\",\"potentialAction\":[{\"@type\":\"ReadAction\",\"target\":[\"http:\/\/xenopat.com\/ca\/tractament-oncologic-personalitzat\/preguntes-frequents\/\"]}]},{\"@type\":\"BreadcrumbList\",\"@id\":\"http:\/\/xenopat.com\/ca\/tractament-oncologic-personalitzat\/preguntes-frequents\/#breadcrumb\",\"itemListElement\":[{\"@type\":\"ListItem\",\"position\":1,\"name\":\"Home\",\"item\":\"http:\/\/xenopat.com\/\"},{\"@type\":\"ListItem\",\"position\":2,\"name\":\"Tractament Oncol\u00f2gic Personalitzat\",\"item\":\"http:\/\/xenopat.com\/ca\/tractament-oncologic-personalitzat\/\"},{\"@type\":\"ListItem\",\"position\":3,\"name\":\"Preguntes freq\u00fcents\"}]},{\"@type\":\"WebSite\",\"@id\":\"http:\/\/xenopat.com\/#website\",\"url\":\"http:\/\/xenopat.com\/\",\"name\":\"Xenopat\",\"description\":\"The latest scientific findings at the service of the fight against cancer\",\"publisher\":{\"@id\":\"http:\/\/xenopat.com\/#organization\"},\"potentialAction\":[{\"@type\":\"SearchAction\",\"target\":{\"@type\":\"EntryPoint\",\"urlTemplate\":\"http:\/\/xenopat.com\/?s={search_term_string}\"},\"query-input\":\"required name=search_term_string\"}],\"inLanguage\":\"ca\"},{\"@type\":\"Organization\",\"@id\":\"http:\/\/xenopat.com\/#organization\",\"name\":\"Xenopat\",\"url\":\"http:\/\/xenopat.com\/\",\"logo\":{\"@type\":\"ImageObject\",\"inLanguage\":\"ca\",\"@id\":\"http:\/\/xenopat.com\/#\/schema\/logo\/image\/\",\"url\":\"http:\/\/xenopat.com\/wp-content\/uploads\/2020\/03\/cropped-xenopat_normal.png\",\"contentUrl\":\"http:\/\/xenopat.com\/wp-content\/uploads\/2020\/03\/cropped-xenopat_normal.png\",\"width\":141,\"height\":23,\"caption\":\"Xenopat\"},\"image\":{\"@id\":\"http:\/\/xenopat.com\/#\/schema\/logo\/image\/\"}}]}<\/script>\n<!-- \/ Yoast SEO plugin. -->","yoast_head_json":{"title":"Preguntes freq\u00fcents - Xenopat","robots":{"index":"index","follow":"follow","max-snippet":"max-snippet:-1","max-image-preview":"max-image-preview:large","max-video-preview":"max-video-preview:-1"},"canonical":"http:\/\/xenopat.com\/ca\/tractament-oncologic-personalitzat\/preguntes-frequents\/","og_locale":"ca_ES","og_type":"article","og_title":"Preguntes freq\u00fcents - Xenopat","og_description":"Preguntes freq\u00fcents Qu\u00e8 \u00e9s un xenograft? Xenograft, (xenos- del grec \u201cestranger\u201d), \u00e9s la implantaci\u00f3 de c\u00e8l\u00b7lules vives, teixits o \u00f2rgans, d\u2019una esp\u00e8cie a una altra. En el cas de Xenopat, implantem petits fragments de tumor hum\u00e0 en ratolins. \u00a0 Qu\u00e8 vol dir implantaci\u00f3 ortot\u00f2pica? Per qu\u00e8 \u00e9s important? Implantaci\u00f3 ortot\u00f2pica vol dir en la seva [&hellip;]","og_url":"http:\/\/xenopat.com\/ca\/tractament-oncologic-personalitzat\/preguntes-frequents\/","og_site_name":"Xenopat","article_modified_time":"2020-04-02T10:07:00+00:00","twitter_card":"summary_large_image","twitter_misc":{"Temps estimat de lectura":"8 minuts"},"schema":{"@context":"https:\/\/schema.org","@graph":[{"@type":"WebPage","@id":"http:\/\/xenopat.com\/ca\/tractament-oncologic-personalitzat\/preguntes-frequents\/","url":"http:\/\/xenopat.com\/ca\/tractament-oncologic-personalitzat\/preguntes-frequents\/","name":"Preguntes freq\u00fcents - Xenopat","isPartOf":{"@id":"http:\/\/xenopat.com\/#website"},"datePublished":"2020-03-10T14:19:30+00:00","dateModified":"2020-04-02T10:07:00+00:00","breadcrumb":{"@id":"http:\/\/xenopat.com\/ca\/tractament-oncologic-personalitzat\/preguntes-frequents\/#breadcrumb"},"inLanguage":"ca","potentialAction":[{"@type":"ReadAction","target":["http:\/\/xenopat.com\/ca\/tractament-oncologic-personalitzat\/preguntes-frequents\/"]}]},{"@type":"BreadcrumbList","@id":"http:\/\/xenopat.com\/ca\/tractament-oncologic-personalitzat\/preguntes-frequents\/#breadcrumb","itemListElement":[{"@type":"ListItem","position":1,"name":"Home","item":"http:\/\/xenopat.com\/"},{"@type":"ListItem","position":2,"name":"Tractament Oncol\u00f2gic Personalitzat","item":"http:\/\/xenopat.com\/ca\/tractament-oncologic-personalitzat\/"},{"@type":"ListItem","position":3,"name":"Preguntes freq\u00fcents"}]},{"@type":"WebSite","@id":"http:\/\/xenopat.com\/#website","url":"http:\/\/xenopat.com\/","name":"Xenopat","description":"The latest scientific findings at the service of the fight against cancer","publisher":{"@id":"http:\/\/xenopat.com\/#organization"},"potentialAction":[{"@type":"SearchAction","target":{"@type":"EntryPoint","urlTemplate":"http:\/\/xenopat.com\/?s={search_term_string}"},"query-input":"required name=search_term_string"}],"inLanguage":"ca"},{"@type":"Organization","@id":"http:\/\/xenopat.com\/#organization","name":"Xenopat","url":"http:\/\/xenopat.com\/","logo":{"@type":"ImageObject","inLanguage":"ca","@id":"http:\/\/xenopat.com\/#\/schema\/logo\/image\/","url":"http:\/\/xenopat.com\/wp-content\/uploads\/2020\/03\/cropped-xenopat_normal.png","contentUrl":"http:\/\/xenopat.com\/wp-content\/uploads\/2020\/03\/cropped-xenopat_normal.png","width":141,"height":23,"caption":"Xenopat"},"image":{"@id":"http:\/\/xenopat.com\/#\/schema\/logo\/image\/"}}]}},"_links":{"self":[{"href":"http:\/\/xenopat.com\/ca\/wp-json\/wp\/v2\/pages\/308"}],"collection":[{"href":"http:\/\/xenopat.com\/ca\/wp-json\/wp\/v2\/pages"}],"about":[{"href":"http:\/\/xenopat.com\/ca\/wp-json\/wp\/v2\/types\/page"}],"author":[{"embeddable":true,"href":"http:\/\/xenopat.com\/ca\/wp-json\/wp\/v2\/users\/1"}],"replies":[{"embeddable":true,"href":"http:\/\/xenopat.com\/ca\/wp-json\/wp\/v2\/comments?post=308"}],"version-history":[{"count":9,"href":"http:\/\/xenopat.com\/ca\/wp-json\/wp\/v2\/pages\/308\/revisions"}],"predecessor-version":[{"id":919,"href":"http:\/\/xenopat.com\/ca\/wp-json\/wp\/v2\/pages\/308\/revisions\/919"}],"up":[{"embeddable":true,"href":"http:\/\/xenopat.com\/ca\/wp-json\/wp\/v2\/pages\/304"}],"wp:attachment":[{"href":"http:\/\/xenopat.com\/ca\/wp-json\/wp\/v2\/media?parent=308"}],"curies":[{"name":"wp","href":"https:\/\/api.w.org\/{rel}","templated":true}]}}