{"id":277,"date":"2020-03-10T14:18:20","date_gmt":"2020-03-10T14:18:20","guid":{"rendered":"http:\/\/xenopat.com\/advanced-preclinical-services\/orthoxenobank\/"},"modified":"2020-04-02T09:54:24","modified_gmt":"2020-04-02T09:54:24","slug":"orthoxenobank","status":"publish","type":"page","link":"http:\/\/xenopat.com\/es\/servicios-preclinicos-avanzados\/orthoxenobank\/","title":{"rendered":"OrthoXenoBank\u00ae"},"content":{"rendered":"\t\t<div data-elementor-type=\"wp-page\" data-elementor-id=\"277\" class=\"elementor elementor-277 elementor-125\" data-elementor-post-type=\"page\">\n\t\t\t\t\t\t<section class=\"elementor-section elementor-top-section elementor-element elementor-element-28073524 elementor-section-height-min-height elementor-section-boxed elementor-section-height-default elementor-section-items-middle\" data-id=\"28073524\" data-element_type=\"section\" data-settings=\"{&quot;background_background&quot;:&quot;classic&quot;}\">\n\t\t\t\t\t\t\t<div class=\"elementor-background-overlay\"><\/div>\n\t\t\t\t\t\t\t<div class=\"elementor-container elementor-column-gap-default\">\n\t\t\t\t\t<div class=\"elementor-column elementor-col-100 elementor-top-column elementor-element elementor-element-2fe8b88\" data-id=\"2fe8b88\" data-element_type=\"column\">\n\t\t\t<div class=\"elementor-widget-wrap elementor-element-populated\">\n\t\t\t\t\t\t<div class=\"elementor-element elementor-element-7ea6343 elementor-widget elementor-widget-heading\" data-id=\"7ea6343\" data-element_type=\"widget\" data-widget_type=\"heading.default\">\n\t\t\t\t<div class=\"elementor-widget-container\">\n\t\t\t<h1 class=\"elementor-heading-title elementor-size-default\">OrthoXenoBank\u00ae<\/h1>\t\t<\/div>\n\t\t\t\t<\/div>\n\t\t\t\t\t<\/div>\n\t\t<\/div>\n\t\t\t\t\t<\/div>\n\t\t<\/section>\n\t\t\t\t<section class=\"elementor-section elementor-top-section elementor-element elementor-element-66b2190 elementor-section-boxed elementor-section-height-default elementor-section-height-default\" data-id=\"66b2190\" data-element_type=\"section\">\n\t\t\t\t\t\t<div class=\"elementor-container elementor-column-gap-default\">\n\t\t\t\t\t<div class=\"elementor-column elementor-col-66 elementor-top-column elementor-element elementor-element-39081aa\" data-id=\"39081aa\" data-element_type=\"column\">\n\t\t\t<div class=\"elementor-widget-wrap elementor-element-populated\">\n\t\t\t\t\t\t<div class=\"elementor-element elementor-element-8a0b9ca elementor-widget elementor-widget-text-editor\" data-id=\"8a0b9ca\" data-element_type=\"widget\" data-widget_type=\"text-editor.default\">\n\t\t\t\t<div class=\"elementor-widget-container\">\n\t\t\t\t\t\t\t<p>El OrthoXenoBank\u00ae es la colecci\u00f3n de orthoxenografts\u00ae que Xenopat puede ofrecer a sus clientes. La siguiente tabla muestra un \u00a0resumen de los orthoxenografts\u00ae disponibles en el OrthoXenoBank\u00ae. Para cualquier informaci\u00f3n adicional no dude en contactarnos.<\/p><p>\u00a0<\/p><p>El OrthoXenoBank\u00ae se compone de m\u00e1s de 200 modelos que representan los subtipos histol\u00f3gicos m\u00e1s frecuentes de las siguientes localizaciones: colon, pulm\u00f3n, ovario, p\u00e1ncreas, endometrio, cuello y cabeza, h\u00edgado y test\u00edculo, entre otros. Todos los tumores del OrthoXenoBank\u00ae est\u00e1n clasificados de acuerdo con su subtipo histol\u00f3gico y est\u00e1n caracterizados a nivel gen\u00e9tico seg\u00fan las mutaciones m\u00e1s frecuentes en cada subtipo tumoral.<\/p>\t\t\t\t\t\t<\/div>\n\t\t\t\t<\/div>\n\t\t\t\t<div class=\"elementor-element elementor-element-a4d2c59 elementor-widget elementor-widget-image\" data-id=\"a4d2c59\" data-element_type=\"widget\" data-widget_type=\"image.default\">\n\t\t\t\t<div class=\"elementor-widget-container\">\n\t\t\t\t\t\t\t\t\t\t\t\t\t<img fetchpriority=\"high\" decoding=\"async\" width=\"800\" height=\"861\" src=\"http:\/\/xenopat.com\/wp-content\/uploads\/2020\/03\/Tabla-tumores_ok-952x1024.jpg\" class=\"attachment-large size-large wp-image-438\" alt=\"\" srcset=\"http:\/\/xenopat.com\/wp-content\/uploads\/2020\/03\/Tabla-tumores_ok-952x1024.jpg 952w, http:\/\/xenopat.com\/wp-content\/uploads\/2020\/03\/Tabla-tumores_ok-279x300.jpg 279w, http:\/\/xenopat.com\/wp-content\/uploads\/2020\/03\/Tabla-tumores_ok-768x826.jpg 768w, http:\/\/xenopat.com\/wp-content\/uploads\/2020\/03\/Tabla-tumores_ok.jpg 1287w\" sizes=\"(max-width: 800px) 100vw, 800px\" \/>\t\t\t\t\t\t\t\t\t\t\t\t\t<\/div>\n\t\t\t\t<\/div>\n\t\t\t\t<div class=\"elementor-element elementor-element-d9e976f elementor-widget elementor-widget-text-editor\" data-id=\"d9e976f\" data-element_type=\"widget\" data-widget_type=\"text-editor.default\">\n\t\t\t\t<div class=\"elementor-widget-container\">\n\t\t\t\t\t\t\t<div class=\"fusion-five-sixth fusion-column\"><div class=\"fusion-five-sixth fusion-column\">*\u00a0\u00a0 Tumores con resistencia adquirida a la quimioterapia.<p>** Tumores refractarios a la quimioterapia.<\/p><\/div><div class=\"fusion-fullwidth fullwidth-box\"><div class=\"avada-row\"><div class=\"fusion-sep-clear\">\u00a0<\/div><div class=\"fusion-separator fusion-full-width-sep sep-none\">\u00a0<\/div><p>Los tumores del OrthoXenoBank\u00ae est\u00e1n clasificados seg\u00fan su nivel de sensibilidad\/resistencia a diferentes quimioterapias est\u00e1ndar. El OrthoXenoBank\u00ae contiene tumores refractarios de pacientes a diferentes l\u00edneas de quimioterapia.<\/p><p>\u00a0<\/p><p>Adem\u00e1s, el OrthoXenoBank\u00ae contiene parejas de orthoxenografts\u00ae sensible\/resistente a diferentes quimioterapias, generadas\u00a0<em>i<\/em><i>n vivo\u00a0<\/i>mediante exposici\u00f3n repetitiva del<i>\u00a0<\/i>orthoxenograft\u00ae sensible a diferentes rondas de tratamiento.<\/p><\/div><\/div><\/div>\t\t\t\t\t\t<\/div>\n\t\t\t\t<\/div>\n\t\t\t\t\t<\/div>\n\t\t<\/div>\n\t\t\t\t<div class=\"elementor-column elementor-col-33 elementor-top-column elementor-element elementor-element-e6fdf97\" data-id=\"e6fdf97\" data-element_type=\"column\">\n\t\t\t<div class=\"elementor-widget-wrap elementor-element-populated\">\n\t\t\t\t\t\t<div class=\"elementor-element elementor-element-a12ea64 elementor-widget elementor-widget-global elementor-global-758 elementor-widget-wp-widget-nav_menu\" data-id=\"a12ea64\" data-element_type=\"widget\" data-widget_type=\"wp-widget-nav_menu.default\">\n\t\t\t\t<div class=\"elementor-widget-container\">\n\t\t\t<h5>Servicios Precl\u00ednicos Avanzados<\/h5><div class=\"menu-advanced-preclinical-services-spanish-container\"><ul id=\"menu-advanced-preclinical-services-spanish\" class=\"menu\"><li id=\"menu-item-283\" class=\"menu-item menu-item-type-post_type menu-item-object-page menu-item-283\"><a href=\"http:\/\/xenopat.com\/es\/servicios-preclinicos-avanzados\/\">Introducci\u00f3n<\/a><\/li>\n<li id=\"menu-item-322\" class=\"menu-item menu-item-type-post_type menu-item-object-page menu-item-322\"><a href=\"http:\/\/xenopat.com\/es\/servicios-preclinicos-avanzados\/orthoxenografts\/\">Orthoxenografts\u00ae<\/a><\/li>\n<li id=\"menu-item-284\" class=\"menu-item menu-item-type-post_type menu-item-object-page menu-item-284\"><a href=\"http:\/\/xenopat.com\/es\/servicios-preclinicos-avanzados\/orthoxenobank\/\">OrthoXenoBank\u00ae<\/a><\/li>\n<li id=\"menu-item-285\" class=\"menu-item menu-item-type-post_type menu-item-object-page menu-item-285\"><a href=\"http:\/\/xenopat.com\/es\/servicios-preclinicos-avanzados\/bibliografia\/\">Bibliograf\u00eda<\/a><\/li>\n<\/ul><\/div>\t\t<\/div>\n\t\t\t\t<\/div>\n\t\t\t\t<div class=\"elementor-element elementor-element-2de2ee0 elementor-widget elementor-widget-global elementor-global-761 elementor-widget-text-editor\" data-id=\"2de2ee0\" data-element_type=\"widget\" data-widget_type=\"text-editor.default\">\n\t\t\t\t<div class=\"elementor-widget-container\">\n\t\t\t\t\t\t\t<div id=\"main\" class=\"clearfix \"><div class=\"avada-row\"><div id=\"sidebar\" class=\"sidebar\"><div id=\"text_icl-3\" class=\"widget widget_text_icl\"><h5>Contacto<\/h5><div class=\"textwidget\"><a href=\"http:\/\/xenopat.com\/es\/contacto\/\" target=\"_blank\" rel=\"noopener\">Contacte<\/a> hoy con el equipo de Xenopat para saber m\u00e1s sobre los Servicios Precl\u00ednicos Avanzados.<\/div><\/div><\/div><\/div><\/div>\t\t\t\t\t\t<\/div>\n\t\t\t\t<\/div>\n\t\t\t\t\t<\/div>\n\t\t<\/div>\n\t\t\t\t\t<\/div>\n\t\t<\/section>\n\t\t\t\t<\/div>\n\t\t","protected":false},"excerpt":{"rendered":"<p>OrthoXenoBank\u00ae El OrthoXenoBank\u00ae es la colecci\u00f3n de orthoxenografts\u00ae que Xenopat puede ofrecer a sus clientes. La siguiente tabla muestra un \u00a0resumen de los orthoxenografts\u00ae disponibles en el OrthoXenoBank\u00ae. Para cualquier informaci\u00f3n adicional no dude en contactarnos. \u00a0 El OrthoXenoBank\u00ae se compone de m\u00e1s de 200 modelos que representan los subtipos histol\u00f3gicos m\u00e1s frecuentes de las [&hellip;]<\/p>\n","protected":false},"author":1,"featured_media":0,"parent":269,"menu_order":0,"comment_status":"closed","ping_status":"closed","template":"","meta":{"footnotes":""},"class_list":["post-277","page","type-page","status-publish","hentry"],"yoast_head":"<!-- This site is optimized with the Yoast SEO plugin v23.1 - https:\/\/yoast.com\/wordpress\/plugins\/seo\/ -->\n<title>OrthoXenoBank\u00ae - Xenopat<\/title>\n<meta name=\"robots\" content=\"index, follow, max-snippet:-1, max-image-preview:large, max-video-preview:-1\" \/>\n<link rel=\"canonical\" href=\"http:\/\/xenopat.com\/es\/servicios-preclinicos-avanzados\/orthoxenobank\/\" \/>\n<meta property=\"og:locale\" content=\"es_ES\" \/>\n<meta property=\"og:type\" content=\"article\" \/>\n<meta property=\"og:title\" content=\"OrthoXenoBank\u00ae - Xenopat\" \/>\n<meta property=\"og:description\" content=\"OrthoXenoBank\u00ae El OrthoXenoBank\u00ae es la colecci\u00f3n de orthoxenografts\u00ae que Xenopat puede ofrecer a sus clientes. La siguiente tabla muestra un \u00a0resumen de los orthoxenografts\u00ae disponibles en el OrthoXenoBank\u00ae. Para cualquier informaci\u00f3n adicional no dude en contactarnos. \u00a0 El OrthoXenoBank\u00ae se compone de m\u00e1s de 200 modelos que representan los subtipos histol\u00f3gicos m\u00e1s frecuentes de las [&hellip;]\" \/>\n<meta property=\"og:url\" content=\"http:\/\/xenopat.com\/es\/servicios-preclinicos-avanzados\/orthoxenobank\/\" \/>\n<meta property=\"og:site_name\" content=\"Xenopat\" \/>\n<meta property=\"article:modified_time\" content=\"2020-04-02T09:54:24+00:00\" \/>\n<meta property=\"og:image\" content=\"http:\/\/xenopat.com\/wp-content\/uploads\/2020\/03\/Tabla-tumores_ok-952x1024.jpg\" \/>\n<meta name=\"twitter:card\" content=\"summary_large_image\" \/>\n<meta name=\"twitter:label1\" content=\"Tiempo de lectura\" \/>\n\t<meta name=\"twitter:data1\" content=\"1 minuto\" \/>\n<script type=\"application\/ld+json\" class=\"yoast-schema-graph\">{\"@context\":\"https:\/\/schema.org\",\"@graph\":[{\"@type\":\"WebPage\",\"@id\":\"http:\/\/xenopat.com\/es\/servicios-preclinicos-avanzados\/orthoxenobank\/\",\"url\":\"http:\/\/xenopat.com\/es\/servicios-preclinicos-avanzados\/orthoxenobank\/\",\"name\":\"OrthoXenoBank\u00ae - Xenopat\",\"isPartOf\":{\"@id\":\"http:\/\/xenopat.com\/#website\"},\"primaryImageOfPage\":{\"@id\":\"http:\/\/xenopat.com\/es\/servicios-preclinicos-avanzados\/orthoxenobank\/#primaryimage\"},\"image\":{\"@id\":\"http:\/\/xenopat.com\/es\/servicios-preclinicos-avanzados\/orthoxenobank\/#primaryimage\"},\"thumbnailUrl\":\"http:\/\/xenopat.com\/wp-content\/uploads\/2020\/03\/Tabla-tumores_ok-952x1024.jpg\",\"datePublished\":\"2020-03-10T14:18:20+00:00\",\"dateModified\":\"2020-04-02T09:54:24+00:00\",\"breadcrumb\":{\"@id\":\"http:\/\/xenopat.com\/es\/servicios-preclinicos-avanzados\/orthoxenobank\/#breadcrumb\"},\"inLanguage\":\"es\",\"potentialAction\":[{\"@type\":\"ReadAction\",\"target\":[\"http:\/\/xenopat.com\/es\/servicios-preclinicos-avanzados\/orthoxenobank\/\"]}]},{\"@type\":\"ImageObject\",\"inLanguage\":\"es\",\"@id\":\"http:\/\/xenopat.com\/es\/servicios-preclinicos-avanzados\/orthoxenobank\/#primaryimage\",\"url\":\"http:\/\/xenopat.com\/wp-content\/uploads\/2020\/03\/Tabla-tumores_ok-952x1024.jpg\",\"contentUrl\":\"http:\/\/xenopat.com\/wp-content\/uploads\/2020\/03\/Tabla-tumores_ok-952x1024.jpg\"},{\"@type\":\"BreadcrumbList\",\"@id\":\"http:\/\/xenopat.com\/es\/servicios-preclinicos-avanzados\/orthoxenobank\/#breadcrumb\",\"itemListElement\":[{\"@type\":\"ListItem\",\"position\":1,\"name\":\"Home\",\"item\":\"http:\/\/xenopat.com\/\"},{\"@type\":\"ListItem\",\"position\":2,\"name\":\"Servicios Precl\u00ednicos Avanzados\",\"item\":\"http:\/\/xenopat.com\/es\/servicios-preclinicos-avanzados\/\"},{\"@type\":\"ListItem\",\"position\":3,\"name\":\"OrthoXenoBank\u00ae\"}]},{\"@type\":\"WebSite\",\"@id\":\"http:\/\/xenopat.com\/#website\",\"url\":\"http:\/\/xenopat.com\/\",\"name\":\"Xenopat\",\"description\":\"The latest scientific findings at the service of the fight against cancer\",\"publisher\":{\"@id\":\"http:\/\/xenopat.com\/#organization\"},\"potentialAction\":[{\"@type\":\"SearchAction\",\"target\":{\"@type\":\"EntryPoint\",\"urlTemplate\":\"http:\/\/xenopat.com\/?s={search_term_string}\"},\"query-input\":\"required name=search_term_string\"}],\"inLanguage\":\"es\"},{\"@type\":\"Organization\",\"@id\":\"http:\/\/xenopat.com\/#organization\",\"name\":\"Xenopat\",\"url\":\"http:\/\/xenopat.com\/\",\"logo\":{\"@type\":\"ImageObject\",\"inLanguage\":\"es\",\"@id\":\"http:\/\/xenopat.com\/#\/schema\/logo\/image\/\",\"url\":\"http:\/\/xenopat.com\/wp-content\/uploads\/2020\/03\/cropped-xenopat_normal.png\",\"contentUrl\":\"http:\/\/xenopat.com\/wp-content\/uploads\/2020\/03\/cropped-xenopat_normal.png\",\"width\":141,\"height\":23,\"caption\":\"Xenopat\"},\"image\":{\"@id\":\"http:\/\/xenopat.com\/#\/schema\/logo\/image\/\"}}]}<\/script>\n<!-- \/ Yoast SEO plugin. -->","yoast_head_json":{"title":"OrthoXenoBank\u00ae - Xenopat","robots":{"index":"index","follow":"follow","max-snippet":"max-snippet:-1","max-image-preview":"max-image-preview:large","max-video-preview":"max-video-preview:-1"},"canonical":"http:\/\/xenopat.com\/es\/servicios-preclinicos-avanzados\/orthoxenobank\/","og_locale":"es_ES","og_type":"article","og_title":"OrthoXenoBank\u00ae - Xenopat","og_description":"OrthoXenoBank\u00ae El OrthoXenoBank\u00ae es la colecci\u00f3n de orthoxenografts\u00ae que Xenopat puede ofrecer a sus clientes. La siguiente tabla muestra un \u00a0resumen de los orthoxenografts\u00ae disponibles en el OrthoXenoBank\u00ae. Para cualquier informaci\u00f3n adicional no dude en contactarnos. \u00a0 El OrthoXenoBank\u00ae se compone de m\u00e1s de 200 modelos que representan los subtipos histol\u00f3gicos m\u00e1s frecuentes de las [&hellip;]","og_url":"http:\/\/xenopat.com\/es\/servicios-preclinicos-avanzados\/orthoxenobank\/","og_site_name":"Xenopat","article_modified_time":"2020-04-02T09:54:24+00:00","og_image":[{"url":"http:\/\/xenopat.com\/wp-content\/uploads\/2020\/03\/Tabla-tumores_ok-952x1024.jpg"}],"twitter_card":"summary_large_image","twitter_misc":{"Tiempo de lectura":"1 minuto"},"schema":{"@context":"https:\/\/schema.org","@graph":[{"@type":"WebPage","@id":"http:\/\/xenopat.com\/es\/servicios-preclinicos-avanzados\/orthoxenobank\/","url":"http:\/\/xenopat.com\/es\/servicios-preclinicos-avanzados\/orthoxenobank\/","name":"OrthoXenoBank\u00ae - Xenopat","isPartOf":{"@id":"http:\/\/xenopat.com\/#website"},"primaryImageOfPage":{"@id":"http:\/\/xenopat.com\/es\/servicios-preclinicos-avanzados\/orthoxenobank\/#primaryimage"},"image":{"@id":"http:\/\/xenopat.com\/es\/servicios-preclinicos-avanzados\/orthoxenobank\/#primaryimage"},"thumbnailUrl":"http:\/\/xenopat.com\/wp-content\/uploads\/2020\/03\/Tabla-tumores_ok-952x1024.jpg","datePublished":"2020-03-10T14:18:20+00:00","dateModified":"2020-04-02T09:54:24+00:00","breadcrumb":{"@id":"http:\/\/xenopat.com\/es\/servicios-preclinicos-avanzados\/orthoxenobank\/#breadcrumb"},"inLanguage":"es","potentialAction":[{"@type":"ReadAction","target":["http:\/\/xenopat.com\/es\/servicios-preclinicos-avanzados\/orthoxenobank\/"]}]},{"@type":"ImageObject","inLanguage":"es","@id":"http:\/\/xenopat.com\/es\/servicios-preclinicos-avanzados\/orthoxenobank\/#primaryimage","url":"http:\/\/xenopat.com\/wp-content\/uploads\/2020\/03\/Tabla-tumores_ok-952x1024.jpg","contentUrl":"http:\/\/xenopat.com\/wp-content\/uploads\/2020\/03\/Tabla-tumores_ok-952x1024.jpg"},{"@type":"BreadcrumbList","@id":"http:\/\/xenopat.com\/es\/servicios-preclinicos-avanzados\/orthoxenobank\/#breadcrumb","itemListElement":[{"@type":"ListItem","position":1,"name":"Home","item":"http:\/\/xenopat.com\/"},{"@type":"ListItem","position":2,"name":"Servicios Precl\u00ednicos Avanzados","item":"http:\/\/xenopat.com\/es\/servicios-preclinicos-avanzados\/"},{"@type":"ListItem","position":3,"name":"OrthoXenoBank\u00ae"}]},{"@type":"WebSite","@id":"http:\/\/xenopat.com\/#website","url":"http:\/\/xenopat.com\/","name":"Xenopat","description":"The latest scientific findings at the service of the fight against cancer","publisher":{"@id":"http:\/\/xenopat.com\/#organization"},"potentialAction":[{"@type":"SearchAction","target":{"@type":"EntryPoint","urlTemplate":"http:\/\/xenopat.com\/?s={search_term_string}"},"query-input":"required name=search_term_string"}],"inLanguage":"es"},{"@type":"Organization","@id":"http:\/\/xenopat.com\/#organization","name":"Xenopat","url":"http:\/\/xenopat.com\/","logo":{"@type":"ImageObject","inLanguage":"es","@id":"http:\/\/xenopat.com\/#\/schema\/logo\/image\/","url":"http:\/\/xenopat.com\/wp-content\/uploads\/2020\/03\/cropped-xenopat_normal.png","contentUrl":"http:\/\/xenopat.com\/wp-content\/uploads\/2020\/03\/cropped-xenopat_normal.png","width":141,"height":23,"caption":"Xenopat"},"image":{"@id":"http:\/\/xenopat.com\/#\/schema\/logo\/image\/"}}]}},"_links":{"self":[{"href":"http:\/\/xenopat.com\/es\/wp-json\/wp\/v2\/pages\/277"}],"collection":[{"href":"http:\/\/xenopat.com\/es\/wp-json\/wp\/v2\/pages"}],"about":[{"href":"http:\/\/xenopat.com\/es\/wp-json\/wp\/v2\/types\/page"}],"author":[{"embeddable":true,"href":"http:\/\/xenopat.com\/es\/wp-json\/wp\/v2\/users\/1"}],"replies":[{"embeddable":true,"href":"http:\/\/xenopat.com\/es\/wp-json\/wp\/v2\/comments?post=277"}],"version-history":[{"count":14,"href":"http:\/\/xenopat.com\/es\/wp-json\/wp\/v2\/pages\/277\/revisions"}],"predecessor-version":[{"id":905,"href":"http:\/\/xenopat.com\/es\/wp-json\/wp\/v2\/pages\/277\/revisions\/905"}],"up":[{"embeddable":true,"href":"http:\/\/xenopat.com\/es\/wp-json\/wp\/v2\/pages\/269"}],"wp:attachment":[{"href":"http:\/\/xenopat.com\/es\/wp-json\/wp\/v2\/media?parent=277"}],"curies":[{"name":"wp","href":"https:\/\/api.w.org\/{rel}","templated":true}]}}